{"id":3970,"date":"2021-12-02T19:59:14","date_gmt":"2021-12-02T19:59:14","guid":{"rendered":"http:\/\/maclaboral.com\/?page_id=3970"},"modified":"2022-08-29T11:28:10","modified_gmt":"2022-08-29T10:28:10","slug":"equip","status":"publish","type":"page","link":"https:\/\/maclaboral.com\/es\/equip\/","title":{"rendered":"Equipo"},"content":{"rendered":"<div data-elementor-type=\"wp-page\" data-elementor-id=\"3970\" class=\"elementor elementor-3970\">\n\t\t\t\t\t\t<section class=\"elementor-section elementor-top-section elementor-element elementor-element-ac116d3 elementor-section-boxed elementor-section-height-default elementor-section-height-default\" data-id=\"ac116d3\" data-element_type=\"section\" data-e-type=\"section\">\n\t\t\t\t\t\t<div class=\"elementor-container elementor-column-gap-default\">\n\t\t\t\t\t<div class=\"elementor-column elementor-col-100 elementor-top-column elementor-element elementor-element-fbf9ec5\" data-id=\"fbf9ec5\" data-element_type=\"column\" data-e-type=\"column\">\n\t\t\t<div class=\"elementor-widget-wrap elementor-element-populated\">\n\t\t\t\t\t\t<div class=\"elementor-element elementor-element-1982549 elementor-widget elementor-widget-spacer\" data-id=\"1982549\" data-element_type=\"widget\" data-e-type=\"widget\" data-widget_type=\"spacer.default\">\n\t\t\t\t<div class=\"elementor-widget-container\">\n\t\t\t\t\t\t\t<div class=\"elementor-spacer\">\n\t\t\t<div class=\"elementor-spacer-inner\"><\/div>\n\t\t<\/div>\n\t\t\t\t\t\t<\/div>\n\t\t\t\t<\/div>\n\t\t\t\t\t<\/div>\n\t\t<\/div>\n\t\t\t\t\t<\/div>\n\t\t<\/section>\n\t\t\t\t<section class=\"elementor-section elementor-top-section elementor-element elementor-element-af82b69 elementor-section-stretched elementor-section-boxed elementor-section-height-default elementor-section-height-default\" data-id=\"af82b69\" data-element_type=\"section\" data-e-type=\"section\" data-settings=\"{&quot;stretch_section&quot;:&quot;section-stretched&quot;}\">\n\t\t\t\t\t\t<div class=\"elementor-container elementor-column-gap-default\">\n\t\t\t\t\t<div class=\"elementor-column elementor-col-100 elementor-top-column elementor-element elementor-element-5e79c6c\" data-id=\"5e79c6c\" data-element_type=\"column\" data-e-type=\"column\">\n\t\t\t<div class=\"elementor-widget-wrap\">\n\t\t\t\t\t\t\t<\/div>\n\t\t<\/div>\n\t\t\t\t\t<\/div>\n\t\t<\/section>\n\t\t\t\t<section class=\"elementor-section elementor-top-section elementor-element elementor-element-4cbb2087 elementor-section-height-min-height elementor-section-content-middle elementor-section-stretched elementor-section-boxed elementor-section-height-default elementor-section-items-middle\" data-id=\"4cbb2087\" data-element_type=\"section\" data-e-type=\"section\" data-settings=\"{&quot;background_background&quot;:&quot;classic&quot;,&quot;stretch_section&quot;:&quot;section-stretched&quot;}\">\n\t\t\t\t\t\t\t<div class=\"elementor-background-overlay\"><\/div>\n\t\t\t\t\t\t\t<div class=\"elementor-container elementor-column-gap-default\">\n\t\t\t\t\t<div class=\"elementor-column elementor-col-100 elementor-top-column elementor-element elementor-element-482bf990\" data-id=\"482bf990\" data-element_type=\"column\" data-e-type=\"column\">\n\t\t\t<div class=\"elementor-widget-wrap elementor-element-populated\">\n\t\t\t\t\t\t<div class=\"elementor-element elementor-element-dff6724 elementor-widget elementor-widget-heading\" data-id=\"dff6724\" data-element_type=\"widget\" data-e-type=\"widget\" data-widget_type=\"heading.default\">\n\t\t\t\t<div class=\"elementor-widget-container\">\n\t\t\t\t\t<h2 class=\"elementor-heading-title elementor-size-default\">Equipo<\/h2>\t\t\t\t<\/div>\n\t\t\t\t<\/div>\n\t\t\t\t\t<\/div>\n\t\t<\/div>\n\t\t\t\t\t<\/div>\n\t\t<\/section>\n\t\t\t\t<section class=\"elementor-section elementor-top-section elementor-element elementor-element-d858d4a elementor-section-boxed elementor-section-height-default elementor-section-height-default\" data-id=\"d858d4a\" data-element_type=\"section\" data-e-type=\"section\">\n\t\t\t\t\t\t<div class=\"elementor-container elementor-column-gap-extended\">\n\t\t\t\t\t<div class=\"elementor-column elementor-col-66 elementor-top-column elementor-element elementor-element-9b27584\" data-id=\"9b27584\" data-element_type=\"column\" data-e-type=\"column\">\n\t\t\t<div class=\"elementor-widget-wrap elementor-element-populated\">\n\t\t\t\t\t\t<div class=\"elementor-element elementor-element-5fe508cb elementor-widget elementor-widget-heading\" data-id=\"5fe508cb\" data-element_type=\"widget\" data-e-type=\"widget\" data-widget_type=\"heading.default\">\n\t\t\t\t<div class=\"elementor-widget-container\">\n\t\t\t\t\t<h2 class=\"elementor-heading-title elementor-size-default\">Equipo<\/h2>\t\t\t\t<\/div>\n\t\t\t\t<\/div>\n\t\t\t\t<div class=\"elementor-element elementor-element-3288b9b0 elementor-widget elementor-widget-text-editor\" data-id=\"3288b9b0\" data-element_type=\"widget\" data-e-type=\"widget\" data-widget_type=\"text-editor.default\">\n\t\t\t\t<div class=\"elementor-widget-container\">\n\t\t\t\t\t\t\t\t\t<p>Som un equip multidisciplinar de l\u2019\u00e0mbit de les relacions laborals i els recursos humans amb m\u00e9s de 20 d\u2019anys d\u2019experi\u00e8ncia en la gesti\u00f3 laboral de petites i mitjanes empreses.<\/p><p>La nostra activitat va comen\u00e7ar l\u2019any 2000 i va anar creixent poc a poc. En un primer moment, per assessorar a <b>petites empreses<\/b>, productores i associacions del sector de les arts esc\u00e8niques, sector en el que ens vam especialitzar. Pas a pas i amb el temps vam anar ampliant la nostra cartera de clients a petites i mitjanes empreses d\u2019altres sectors del <b>r\u00e8gim general<\/b>, del <b>r\u00e8gim d\u2019artistes<\/b> i del <b>r\u00e8gim agrari<\/b>.<\/p><p>\u00a0<\/p><p>A Maclaboral som conscients del que necessiten les nostres empreses clients i de la professionalitat que requereix estar a l\u2019al\u00e7ada d\u2019aquestes necessitats. Per aix\u00f2, som un equip vers\u00e0til, experimentat, entregat i adaptable, el que ens ha perm\u00e8s fidelitzar una cartera de clients, bona part d\u2019ells ens segueixen acompanyant des del principi. Estem quan ens necessiten.<\/p><p>Ens hem especialitzat en la <u><b>gesti\u00f3 laboral <\/b><\/u>en el seu cicle complet, des del primer moment, amb l\u2019assessorament en quant a tipus de contracte, el c\u00e0lcul de costos i la formalitzaci\u00f3 de tots els tr\u00e0mits inicials fins el proc\u00e9s de finalitzaci\u00f3 i desvinculaci\u00f3 de l\u2019empresa, passant per totes les gestions vinculades a la relaci\u00f3 laboral: formalitzaci\u00f3 del contracte, tramitaci\u00f3 de contrat@, altes, baixes i variacions a la Seguretat Social, confecci\u00f3 de n\u00f2mines i resums mensuals, trimestrals i anuals, c\u00e0lculs i tramitaci\u00f3 de les cotitzacions a la seguretat social, incapacitat temporal i accidents, c\u00e0lcul de quitances, certificats d\u2019empresa, etc.<\/p><p>Aquesta <b>especialitzaci\u00f3<\/b> ens permet ser un bon complement per a petites i mitjanes empreses que assumeixen internament altres \u00e0mbits de l\u2019assessorament empresarial (comptable, fiscal, etc.) o compten amb altres assessories externes, amb les quals ens podem relacionar directament. Per aix\u00f2 comptem tamb\u00e9 amb les millors eines del mercat.<\/p><p>Nuestra versatilidad nos permite adecuarnos a la casu\u00edstica de cada una de nuestras empresas clientes, personalizando el trato, el tipo de comunicaci\u00f3n y los horarios. Hacemos lo posible para que se sientan en todo momento confiados y acompa\u00f1ados.<\/p><p>La normativa pr\u00f2pia de l\u2019\u00e0mbit laboral est\u00e0 en canvi permanent, i \u00e9s per aix\u00f2 que un dels nostres objectius com assessors \u00e9s estar al dia de les<u> darreres actualitzacions en mat\u00e8ria laboral<\/u> i de mercat per oferir un servei prec\u00eds, integral i preventiu per cobrir qualsevol eventualitat. Per a nosaltres \u00e9s important que l\u2019empresa que deposita la seva confian\u00e7a en nosaltres estigui al dia en l\u2019acompliment de la legislaci\u00f3 vigent, i sempre des de la perspectiva m\u00e9s favorable als seus interessos.<\/p><p>A Maclaboral aportem solucions pr\u00e0ctiques i conciliadores, evitant les discrep\u00e0ncies amb les persones treballadores i les entitats externes com la Seguretat social, el departament de treball, el SEPE, el SOC, etc.<\/p><p>Perqu\u00e8 per a nosaltres el m\u00e9s important son els nostres clients, oferim un <b><u>servei d\u2019atenci\u00f3 al client els 365 dies de l\u2019any.<\/u><\/b><\/p>\t\t\t\t\t\t\t\t<\/div>\n\t\t\t\t<\/div>\n\t\t\t\t\t<\/div>\n\t\t<\/div>\n\t\t\t\t<div class=\"elementor-column elementor-col-33 elementor-top-column elementor-element elementor-element-2ecf9882\" data-id=\"2ecf9882\" data-element_type=\"column\" data-e-type=\"column\">\n\t\t\t<div class=\"elementor-widget-wrap elementor-element-populated\">\n\t\t\t\t\t\t<div class=\"elementor-element elementor-element-344091f2 elementor-widget elementor-widget-intech-support\" data-id=\"344091f2\" data-element_type=\"widget\" data-e-type=\"widget\" data-widget_type=\"intech-support.default\">\n\t\t\t\t<div class=\"elementor-widget-container\">\n\t\t\t\t\t\t\t<div class=\"support-boxs\">\r\n\t\t\t<div class=\"support-box\">\r\n\t\t\t\t\t\t\t\t<h2>Necesitas que te ayudemos?<\/h2>\t\t\t\t<div class=\"support-dec\">\r\n\t\t\t\t<p>Env\u00edanos un correo electr\u00f3nico a <a href=\"mailto:info@maclaboral.com\">info@maclaboral.com<\/a> con tu consulta o bien rellena nuestro formulario de contacto. Respondemos en un plazo de 24-48 horas<\/p>\n\t\t\t\t<\/div>\r\n\t\t\t\t\t\t\t\t<div class=\"support-btn\">\r\n\t\t\t\t\t<div class=\"theme-buttons\">\r\n\t\t\t\t\t\t<a href=\"http:\/\/maclaboral.com\/es\/contacte\/\" target=\"_blank\" class=\"theme-button\">\r\n\t\t\t\t\t\t\tContactar<i class=\"flaticon-right-arrow\"><\/i>\r\n\t\t\t\t\t\t<\/a>\r\n\t\t\t\t\t<\/div>\r\n\t\t\t\t<\/div>\r\n\t\t\t\t\t\t\t<\/div>\r\n\t\t<\/div>\r\n\t\t\t\t\t\t<\/div>\n\t\t\t\t<\/div>\n\t\t\t\t<div class=\"elementor-element elementor-element-64e2e5a elementor-widget elementor-widget-text-editor\" data-id=\"64e2e5a\" data-element_type=\"widget\" data-e-type=\"widget\" data-widget_type=\"text-editor.default\">\n\t\t\t\t<div class=\"elementor-widget-container\">\n\t\t\t\t\t\t\t\t\t<p>\n<div class=\"wpcf7 no-js\" id=\"wpcf7-f4145-o1\" lang=\"en-US\" dir=\"ltr\" data-wpcf7-id=\"4145\">\n<div class=\"screen-reader-response\"><p role=\"status\" aria-live=\"polite\" aria-atomic=\"true\"><\/p> <ul><\/ul><\/div>\n<form action=\"\/es\/wp-json\/wp\/v2\/pages\/3970#wpcf7-f4145-o1\" method=\"post\" class=\"wpcf7-form init\" aria-label=\"Contact form\" novalidate=\"novalidate\" data-status=\"init\" data-trp-original-action=\"\/es\/wp-json\/wp\/v2\/pages\/3970#wpcf7-f4145-o1\">\n<fieldset class=\"hidden-fields-container\"><input type=\"hidden\" name=\"_wpcf7\" value=\"4145\" \/><input type=\"hidden\" name=\"_wpcf7_version\" value=\"6.1.5\" \/><input type=\"hidden\" name=\"_wpcf7_locale\" value=\"en_US\" \/><input type=\"hidden\" name=\"_wpcf7_unit_tag\" value=\"wpcf7-f4145-o1\" \/><input type=\"hidden\" name=\"_wpcf7_container_post\" value=\"0\" \/><input type=\"hidden\" name=\"_wpcf7_posted_data_hash\" value=\"\" \/><input type=\"hidden\" name=\"_wpcf7_recaptcha_response\" value=\"\" \/>\n<\/fieldset>\n<p><label> Nombre<br \/>\n<span class=\"wpcf7-form-control-wrap\" data-name=\"Nom\"><input size=\"40\" maxlength=\"400\" class=\"wpcf7-form-control wpcf7-text wpcf7-validates-as-required\" aria-required=\"true\" aria-invalid=\"false\" value=\"\" type=\"text\" name=\"Nom\" \/><\/span> <\/label>\n<\/p>\n<p><label> Empresa<br \/>\n<span class=\"wpcf7-form-control-wrap\" data-name=\"Empresa\"><input size=\"40\" maxlength=\"400\" class=\"wpcf7-form-control wpcf7-text wpcf7-validates-as-required\" aria-required=\"true\" aria-invalid=\"false\" value=\"\" type=\"text\" name=\"Empresa\" \/><\/span> <\/label>\n<\/p>\n<p><label> Email<br \/>\n<span class=\"wpcf7-form-control-wrap\" data-name=\"Email\"><input size=\"40\" maxlength=\"400\" class=\"wpcf7-form-control wpcf7-email wpcf7-validates-as-required wpcf7-text wpcf7-validates-as-email\" aria-required=\"true\" aria-invalid=\"false\" value=\"\" type=\"email\" name=\"Email\" \/><\/span> <\/label>\n<\/p>\n<p><label> Tel\u00e9fono<br \/>\n<span class=\"wpcf7-form-control-wrap\" data-name=\"Telefon\"><input size=\"40\" maxlength=\"400\" class=\"wpcf7-form-control wpcf7-text wpcf7-validates-as-required\" aria-required=\"true\" aria-invalid=\"false\" value=\"\" type=\"text\" name=\"Telefon\" \/><\/span> <\/label>\n<\/p>\n<p><label> Mensaje<br \/>\n<span class=\"wpcf7-form-control-wrap\" data-name=\"Missatge\"><textarea cols=\"40\" rows=\"10\" maxlength=\"2000\" class=\"wpcf7-form-control wpcf7-textarea\" aria-invalid=\"false\" name=\"Missatge\"><\/textarea><\/span> <\/label>\n<\/p>\n<p><input class=\"wpcf7-form-control wpcf7-submit has-spinner\" type=\"submit\" value=\"\u00bfTe ayudo con las dudas?\" \/>\n<\/p><div class=\"wpcf7-response-output\" aria-hidden=\"true\"><\/div>\n<input type=\"hidden\" name=\"trp-form-language\" value=\"es\"\/><\/form>\n<\/div>\n<\/p>\t\t\t\t\t\t\t\t<\/div>\n\t\t\t\t<\/div>\n\t\t\t\t\t<\/div>\n\t\t<\/div>\n\t\t\t\t\t<\/div>\n\t\t<\/section>\n\t\t\t\t<\/div>","protected":false},"excerpt":{"rendered":"<p>Equip Equip Som un equip multidisciplinar de l\u2019\u00e0mbit de les relacions laborals i els recursos humans amb m\u00e9s de 20 d\u2019anys d\u2019experi\u00e8ncia en la gesti\u00f3 laboral de petites i mitjanes empreses. La nostra activitat va comen\u00e7ar l\u2019any 2000 i va anar creixent poc a poc. En un primer moment, per assessorar a petites empreses, productores [&hellip;]<\/p>\n","protected":false},"author":1,"featured_media":0,"parent":0,"menu_order":0,"comment_status":"closed","ping_status":"closed","template":"elementor_header_footer","meta":{"_themeisle_gutenberg_block_has_review":false,"footnotes":""},"class_list":["post-3970","page","type-page","status-publish","hentry"],"aioseo_notices":[],"_links":{"self":[{"href":"https:\/\/maclaboral.com\/es\/wp-json\/wp\/v2\/pages\/3970","targetHints":{"allow":["GET"]}}],"collection":[{"href":"https:\/\/maclaboral.com\/es\/wp-json\/wp\/v2\/pages"}],"about":[{"href":"https:\/\/maclaboral.com\/es\/wp-json\/wp\/v2\/types\/page"}],"author":[{"embeddable":true,"href":"https:\/\/maclaboral.com\/es\/wp-json\/wp\/v2\/users\/1"}],"replies":[{"embeddable":true,"href":"https:\/\/maclaboral.com\/es\/wp-json\/wp\/v2\/comments?post=3970"}],"version-history":[{"count":67,"href":"https:\/\/maclaboral.com\/es\/wp-json\/wp\/v2\/pages\/3970\/revisions"}],"predecessor-version":[{"id":4957,"href":"https:\/\/maclaboral.com\/es\/wp-json\/wp\/v2\/pages\/3970\/revisions\/4957"}],"wp:attachment":[{"href":"https:\/\/maclaboral.com\/es\/wp-json\/wp\/v2\/media?parent=3970"}],"curies":[{"name":"wp","href":"https:\/\/api.w.org\/{rel}","templated":true}]}}