{"id":4162,"date":"2021-12-10T16:31:33","date_gmt":"2021-12-10T16:31:33","guid":{"rendered":"http:\/\/maclaboral.com\/?page_id=4162"},"modified":"2022-09-25T12:54:16","modified_gmt":"2022-09-25T11:54:16","slug":"gestio-de-nomines-i-sistema-retributiu","status":"publish","type":"page","link":"https:\/\/maclaboral.com\/es\/gestio-de-nomines-i-sistema-retributiu\/","title":{"rendered":"Gesti\u00f3n de n\u00f3minas y sistema retributivo"},"content":{"rendered":"<div data-elementor-type=\"wp-page\" data-elementor-id=\"4162\" class=\"elementor elementor-4162\">\n\t\t\t\t\t\t<section class=\"elementor-section elementor-top-section elementor-element elementor-element-336780c1 elementor-section-height-min-height elementor-section-content-middle elementor-section-stretched elementor-section-boxed elementor-section-height-default elementor-section-items-middle\" data-id=\"336780c1\" data-element_type=\"section\" data-e-type=\"section\" data-settings=\"{&quot;background_background&quot;:&quot;classic&quot;,&quot;stretch_section&quot;:&quot;section-stretched&quot;}\">\n\t\t\t\t\t\t\t<div class=\"elementor-background-overlay\"><\/div>\n\t\t\t\t\t\t\t<div class=\"elementor-container elementor-column-gap-default\">\n\t\t\t\t\t<div class=\"elementor-column elementor-col-100 elementor-top-column elementor-element elementor-element-12680950\" data-id=\"12680950\" data-element_type=\"column\" data-e-type=\"column\">\n\t\t\t<div class=\"elementor-widget-wrap elementor-element-populated\">\n\t\t\t\t\t\t<div class=\"elementor-element elementor-element-3d822363 elementor-widget elementor-widget-heading\" data-id=\"3d822363\" data-element_type=\"widget\" data-e-type=\"widget\" data-widget_type=\"heading.default\">\n\t\t\t\t<div class=\"elementor-widget-container\">\n\t\t\t\t\t<h2 class=\"elementor-heading-title elementor-size-default\">Gesti\u00f3n de n\u00f3minas y sistema retributivo<\/h2>\t\t\t\t<\/div>\n\t\t\t\t<\/div>\n\t\t\t\t\t<\/div>\n\t\t<\/div>\n\t\t\t\t\t<\/div>\n\t\t<\/section>\n\t\t\t\t<section class=\"elementor-section elementor-top-section elementor-element elementor-element-23ffadcc elementor-section-boxed elementor-section-height-default elementor-section-height-default\" data-id=\"23ffadcc\" data-element_type=\"section\" data-e-type=\"section\">\n\t\t\t\t\t\t<div class=\"elementor-container elementor-column-gap-extended\">\n\t\t\t\t\t<div class=\"elementor-column elementor-col-66 elementor-top-column elementor-element elementor-element-f262a76\" data-id=\"f262a76\" data-element_type=\"column\" data-e-type=\"column\">\n\t\t\t<div class=\"elementor-widget-wrap elementor-element-populated\">\n\t\t\t\t\t\t<div class=\"elementor-element elementor-element-d79aeb0 elementor-widget elementor-widget-text-editor\" data-id=\"d79aeb0\" data-element_type=\"widget\" data-e-type=\"widget\" data-widget_type=\"text-editor.default\">\n\t\t\t\t<div class=\"elementor-widget-container\">\n\t\t\t\t\t\t\t\t\t<p><strong>La externalizaci\u00f3n de las n\u00f3minas<\/strong> le permite a la empresa delegar una parte de sus funciones a un proveedor especializado, con el fin de ahorrar costes, garantizando un servicio de calidad en todo momento. Adem\u00e1s, le permitir\u00e1 optimizar el presupuesto de personal al m\u00e1ximo, ya que nuestro equipo de expertos contendr\u00e1 el gasto de n\u00f3minas adecuadamente, velando siempre por su inter\u00e9s y el de su empresa.<\/p><p><strong>El servicio de externalizaci\u00f3n de n\u00f3mina y<\/strong> sistema retributivo se compone, entre otros:<\/p><ul><li><p>N\u00f3minas, pluses, dietas (en su caso), pagas extras, descuentos por absentismo,  bonus, liquidaciones complementarias por atrasos.<\/p><\/li><li><p>Presentaci\u00f3n de los seguros sociales (RLC y RNT)<\/p><\/li><li>Liquidaciones por finalizaci\u00f3n de contrato, baja voluntaria o despidos<\/li><li>Bonificaciones a la contrataci\u00f3n<\/li><li>Gesti\u00f3n de partes de incapacidad temporal por enfermedad o accidente de trabajo<\/li><li>Certificados de retenci\u00f3n IRPF para empresas<\/li><li>Aplicaci\u00f3n de convenios colectivos y acuerdos de condiciones de trabajo<\/li><li>Aplicaci\u00f3n de anticipos a las personas trabajadoras<\/li><li><p>Elaboraci\u00f3n de listados resumen de n\u00f3mina (parcial, mensual, trimestral) y modelo 111<\/p><\/li><\/ul><p>En MACLABORAL, ofrecemos el servicio de externalizaci\u00f3n de n\u00f3minas:<\/p><ul><li>Software de n\u00f3mina especializado<\/li><li>C\u00e1lculos de costes laborales por presupuesto<\/li><li>Formaci\u00f3n continua y especializada en materia retributiva<\/li><li>Gesti\u00f3n ordenada y estructurada de las comunicaciones<\/li><li>Acceso al hist\u00f3rico de n\u00f3mina y documentaci\u00f3n asociada<\/li><li>Portal de empresa SAAS para la comunicaci\u00f3n y obtenci\u00f3n de documentaci\u00f3n: recibos de n\u00f3minas, remesas bancarias, contratos de trabajo, certificados, etc.<\/li><li>Soporte de backup de todos los datos diarios para evitar la p\u00e9rdida de informaci\u00f3n<\/li><\/ul><p><em>\" La n\u00f3mina, es la factura que por imperativo de la normativa legal fiscal debe confeccionar el empresario por los servicios prestados por unidad de tiempo (jornada) -hora, d\u00eda, semana, o mes- de cada trabajador que \u00e9ste est\u00e1 de alta a la empresa. Como factura que es, el recibo debe especificar todos los datos identificativos de la empresa y del puesto: n\u00famero legal de la Empresa, domicilio social, c\u00f3digo de identificaci\u00f3n fiscal (CIF), c\u00f3digo de cotizaci\u00f3n de la Seguridad Social, per\u00edodo de liquidaci\u00f3n (identificaci\u00f3n del periodo temporal de la n\u00f3mina), n\u00famero del trabajador, n\u00famero del documento nacional de identidad (DNI) o equivalente, n\u00famero de cotizaci\u00f3n de la seguridad social del trabajador, categor\u00eda profesional, fecha de antig\u00fcedad en la empresa, c\u00f3digo del tipo de contrato y centro de trabajo. Adem\u00e1s, desde el 12 de noviembre de 2014, el recibo de la<\/em><\/p><p><em>n\u00f3mina debe determinar la aportaci\u00f3n del empresario en cuanto a coste de la Seguridad Social (ver Documento BOE-A-2014 a 11.637 ) \"\nFuente: Wikipedia<\/em><\/p><p><em>Font:\u00a0<\/em><a style=\"font-family: var( --e-global-typography-text-font-family ), Sans-serif; font-weight: var( --e-global-typography-text-font-weight ); background-color: #ffffff;\" href=\"https:\/\/es.wikipedia.org\/wiki\/N%C3%B3mina\" target=\"_blank\" rel=\"noopener\">Wikipedia<\/a><\/p><p>\u00a0<\/p>\t\t\t\t\t\t\t\t<\/div>\n\t\t\t\t<\/div>\n\t\t\t\t\t<\/div>\n\t\t<\/div>\n\t\t\t\t<div class=\"elementor-column elementor-col-33 elementor-top-column elementor-element elementor-element-ae9d0c9\" data-id=\"ae9d0c9\" data-element_type=\"column\" data-e-type=\"column\">\n\t\t\t<div class=\"elementor-widget-wrap elementor-element-populated\">\n\t\t\t\t\t\t<div class=\"elementor-element elementor-element-e0688aa elementor-widget elementor-widget-intech-support\" data-id=\"e0688aa\" data-element_type=\"widget\" data-e-type=\"widget\" data-widget_type=\"intech-support.default\">\n\t\t\t\t<div class=\"elementor-widget-container\">\n\t\t\t\t\t\t\t<div class=\"support-boxs\">\r\n\t\t\t<div class=\"support-box\">\r\n\t\t\t\t\t\t\t\t<h2>Necesitas que te ayudemos?<\/h2>\t\t\t\t<div class=\"support-dec\">\r\n\t\t\t\t<p>Env\u00edanos un correo electr\u00f3nico a <a href=\"mailto:info@maclaboral.com\">info@maclaboral.com<\/a> con tu consulta o bien rellena nuestro formulario de contacto. Respondemos en un plazo de 24-48 horas<\/p>\n\t\t\t\t<\/div>\r\n\t\t\t\t\t\t\t\t<div class=\"support-btn\">\r\n\t\t\t\t\t<div class=\"theme-buttons\">\r\n\t\t\t\t\t\t<a href=\"https:\/\/maclaboral.com\/es\/contacte\/\" target=\"_blank\" class=\"theme-button\">\r\n\t\t\t\t\t\t\tContactar<i class=\"flaticon-right-arrow\"><\/i>\r\n\t\t\t\t\t\t<\/a>\r\n\t\t\t\t\t<\/div>\r\n\t\t\t\t<\/div>\r\n\t\t\t\t\t\t\t<\/div>\r\n\t\t<\/div>\r\n\t\t\t\t\t\t<\/div>\n\t\t\t\t<\/div>\n\t\t\t\t<div class=\"elementor-element elementor-element-6bd61f7d elementor-widget elementor-widget-text-editor\" data-id=\"6bd61f7d\" data-element_type=\"widget\" data-e-type=\"widget\" data-widget_type=\"text-editor.default\">\n\t\t\t\t<div class=\"elementor-widget-container\">\n\t\t\t\t\t\t\t\t\t<p>\n<div class=\"wpcf7 no-js\" id=\"wpcf7-f4145-o1\" lang=\"en-US\" dir=\"ltr\" data-wpcf7-id=\"4145\">\n<div class=\"screen-reader-response\"><p role=\"status\" aria-live=\"polite\" aria-atomic=\"true\"><\/p> <ul><\/ul><\/div>\n<form action=\"\/es\/wp-json\/wp\/v2\/pages\/4162#wpcf7-f4145-o1\" method=\"post\" class=\"wpcf7-form init\" aria-label=\"Contact form\" novalidate=\"novalidate\" data-status=\"init\" data-trp-original-action=\"\/es\/wp-json\/wp\/v2\/pages\/4162#wpcf7-f4145-o1\">\n<fieldset class=\"hidden-fields-container\"><input type=\"hidden\" name=\"_wpcf7\" value=\"4145\" \/><input type=\"hidden\" name=\"_wpcf7_version\" value=\"6.1.5\" \/><input type=\"hidden\" name=\"_wpcf7_locale\" value=\"en_US\" \/><input type=\"hidden\" name=\"_wpcf7_unit_tag\" value=\"wpcf7-f4145-o1\" \/><input type=\"hidden\" name=\"_wpcf7_container_post\" value=\"0\" \/><input type=\"hidden\" name=\"_wpcf7_posted_data_hash\" value=\"\" \/><input type=\"hidden\" name=\"_wpcf7_recaptcha_response\" value=\"\" \/>\n<\/fieldset>\n<p><label> Nombre<br \/>\n<span class=\"wpcf7-form-control-wrap\" data-name=\"Nom\"><input size=\"40\" maxlength=\"400\" class=\"wpcf7-form-control wpcf7-text wpcf7-validates-as-required\" aria-required=\"true\" aria-invalid=\"false\" value=\"\" type=\"text\" name=\"Nom\" \/><\/span> <\/label>\n<\/p>\n<p><label> Empresa<br \/>\n<span class=\"wpcf7-form-control-wrap\" data-name=\"Empresa\"><input size=\"40\" maxlength=\"400\" class=\"wpcf7-form-control wpcf7-text wpcf7-validates-as-required\" aria-required=\"true\" aria-invalid=\"false\" value=\"\" type=\"text\" name=\"Empresa\" \/><\/span> <\/label>\n<\/p>\n<p><label> Email<br \/>\n<span class=\"wpcf7-form-control-wrap\" data-name=\"Email\"><input size=\"40\" maxlength=\"400\" class=\"wpcf7-form-control wpcf7-email wpcf7-validates-as-required wpcf7-text wpcf7-validates-as-email\" aria-required=\"true\" aria-invalid=\"false\" value=\"\" type=\"email\" name=\"Email\" \/><\/span> <\/label>\n<\/p>\n<p><label> Tel\u00e9fono<br \/>\n<span class=\"wpcf7-form-control-wrap\" data-name=\"Telefon\"><input size=\"40\" maxlength=\"400\" class=\"wpcf7-form-control wpcf7-text wpcf7-validates-as-required\" aria-required=\"true\" aria-invalid=\"false\" value=\"\" type=\"text\" name=\"Telefon\" \/><\/span> <\/label>\n<\/p>\n<p><label> Mensaje<br \/>\n<span class=\"wpcf7-form-control-wrap\" data-name=\"Missatge\"><textarea cols=\"40\" rows=\"10\" maxlength=\"2000\" class=\"wpcf7-form-control wpcf7-textarea\" aria-invalid=\"false\" name=\"Missatge\"><\/textarea><\/span> <\/label>\n<\/p>\n<p><input class=\"wpcf7-form-control wpcf7-submit has-spinner\" type=\"submit\" value=\"\u00bfTe ayudo con las dudas?\" \/>\n<\/p><div class=\"wpcf7-response-output\" aria-hidden=\"true\"><\/div>\n<input type=\"hidden\" name=\"trp-form-language\" value=\"es\"\/><\/form>\n<\/div>\n<\/p>\t\t\t\t\t\t\t\t<\/div>\n\t\t\t\t<\/div>\n\t\t\t\t\t<\/div>\n\t\t<\/div>\n\t\t\t\t\t<\/div>\n\t\t<\/section>\n\t\t\t\t<section class=\"elementor-section elementor-top-section elementor-element elementor-element-e277c2c elementor-section-boxed elementor-section-height-default elementor-section-height-default\" data-id=\"e277c2c\" data-element_type=\"section\" data-e-type=\"section\" data-settings=\"{&quot;background_background&quot;:&quot;classic&quot;}\">\n\t\t\t\t\t\t<div class=\"elementor-container elementor-column-gap-default\">\n\t\t\t\t\t<div class=\"elementor-column elementor-col-100 elementor-top-column elementor-element elementor-element-1d50600\" data-id=\"1d50600\" data-element_type=\"column\" data-e-type=\"column\">\n\t\t\t<div class=\"elementor-widget-wrap elementor-element-populated\">\n\t\t\t\t\t\t<section class=\"elementor-section elementor-inner-section elementor-element elementor-element-3d69fd4 elementor-section-boxed elementor-section-height-default elementor-section-height-default\" data-id=\"3d69fd4\" data-element_type=\"section\" data-e-type=\"section\">\n\t\t\t\t\t\t<div class=\"elementor-container elementor-column-gap-extended\">\n\t\t\t\t\t<div class=\"elementor-column elementor-col-33 elementor-inner-column elementor-element elementor-element-d63b56d\" data-id=\"d63b56d\" data-element_type=\"column\" data-e-type=\"column\">\n\t\t\t<div class=\"elementor-widget-wrap elementor-element-populated\">\n\t\t\t\t\t\t<div class=\"elementor-element elementor-element-b61950b elementor-animation-shrink elementor-widget elementor-widget-intech-service\" data-id=\"b61950b\" data-element_type=\"widget\" data-e-type=\"widget\" data-widget_type=\"intech-service.default\">\n\t\t\t\t<div class=\"elementor-widget-container\">\n\t\t\t\t\t\t\t<div class=\"service-box style-three shrink\">\r\n\t\t\t\t\t\t<div class=\"service-contents\">\r\n\t\t\t\t\t\t\t\t<div class=\"service-c-inner\">\r\n\t\t\t\t\t<div class=\"service-titles\">\r\n\t\t\t\t\t\t<h3>\r\n\t\t\t\t\t\t\t\t\t\t\t\t<div class=\"service-title-con\">\r\n\t\t\t\t\t\t<i class=\"fa fa-euro\"><\/i>\r\n\t\t\t\t\t\t<\/div>\r\n\t\t\t\t\t\t\t\t\t\t\t\t\t<a href=\"https:\/\/maclaboral.com\/es\/gestio-de-nomines-i-sistema-retributiu\/\">Gesti\u00f3n de n\u00f3minas y sistema retributivo<\/a>\r\n\t\t\t\t\t\t<\/h3>\r\n\t\t\t\t\t<\/div>\r\n\t\t\t\t\t<div class=\"service-dec\">\r\n\t\t\t\t\t<p>N\u00f3minas, liquidaciones,  despidos, bonificaciones, partes de IT, convenios colectivos<\/p>\n\t\t\t\t\t<\/div>\r\n\t\t\t\t<\/div>\r\n\t\t\t<\/div>\r\n\t\t<\/div>\r\n\t\t\t\t\t\t<\/div>\n\t\t\t\t<\/div>\n\t\t\t\t\t<\/div>\n\t\t<\/div>\n\t\t\t\t<div class=\"elementor-column elementor-col-33 elementor-inner-column elementor-element elementor-element-e7f4810\" data-id=\"e7f4810\" data-element_type=\"column\" data-e-type=\"column\">\n\t\t\t<div class=\"elementor-widget-wrap elementor-element-populated\">\n\t\t\t\t\t\t<div class=\"elementor-element elementor-element-4d1a4e3 elementor-animation-shrink elementor-widget elementor-widget-intech-service\" data-id=\"4d1a4e3\" data-element_type=\"widget\" data-e-type=\"widget\" data-widget_type=\"intech-service.default\">\n\t\t\t\t<div class=\"elementor-widget-container\">\n\t\t\t\t\t\t\t<div class=\"service-box style-three shrink\">\r\n\t\t\t\t\t\t<div class=\"service-contents\">\r\n\t\t\t\t\t\t\t\t<div class=\"service-c-inner\">\r\n\t\t\t\t\t<div class=\"service-titles\">\r\n\t\t\t\t\t\t<h3>\r\n\t\t\t\t\t\t\t\t\t\t\t\t<div class=\"service-title-con\">\r\n\t\t\t\t\t\t<i class=\"fa fa-handshake-o\"><\/i>\r\n\t\t\t\t\t\t<\/div>\r\n\t\t\t\t\t\t\t\t\t\t\t\t\t<a href=\"https:\/\/maclaboral.com\/es\/contractacio-laboral\/\">Contrataci\u00f3n laboral<\/a>\r\n\t\t\t\t\t\t<\/h3>\r\n\t\t\t\t\t<\/div>\r\n\t\t\t\t\t<div class=\"service-dec\">\r\n\t\t\t\t\t<p>Contratos de trabajo indefinidos, temporales, a tiempo parcial, para la formaci\u00f3n, en pr\u00e1cticas<\/p>\n\t\t\t\t\t<\/div>\r\n\t\t\t\t<\/div>\r\n\t\t\t<\/div>\r\n\t\t<\/div>\r\n\t\t\t\t\t\t<\/div>\n\t\t\t\t<\/div>\n\t\t\t\t\t<\/div>\n\t\t<\/div>\n\t\t\t\t<div class=\"elementor-column elementor-col-33 elementor-inner-column elementor-element elementor-element-26b4871\" data-id=\"26b4871\" data-element_type=\"column\" data-e-type=\"column\">\n\t\t\t<div class=\"elementor-widget-wrap elementor-element-populated\">\n\t\t\t\t\t\t<div class=\"elementor-element elementor-element-907479f elementor-animation-shrink elementor-widget elementor-widget-intech-service\" data-id=\"907479f\" data-element_type=\"widget\" data-e-type=\"widget\" data-widget_type=\"intech-service.default\">\n\t\t\t\t<div class=\"elementor-widget-container\">\n\t\t\t\t\t\t\t<div class=\"service-box style-three shrink\">\r\n\t\t\t\t\t\t<div class=\"service-contents\">\r\n\t\t\t\t\t\t\t\t<div class=\"service-c-inner\">\r\n\t\t\t\t\t<div class=\"service-titles\">\r\n\t\t\t\t\t\t<h3>\r\n\t\t\t\t\t\t\t\t\t\t\t\t<div class=\"service-title-con\">\r\n\t\t\t\t\t\t<i class=\"flaticon-responsive\"><\/i>\r\n\t\t\t\t\t\t<\/div>\r\n\t\t\t\t\t\t\t\t\t\t\t\t\t<a href=\"https:\/\/maclaboral.com\/es\/treball-a-distancia-i-teletreball\/\">Trabajo a distancia y teletrabajo<\/a>\r\n\t\t\t\t\t\t<\/h3>\r\n\t\t\t\t\t<\/div>\r\n\t\t\t\t\t<div class=\"service-dec\">\r\n\t\t\t\t\t<p>Reglamentos para empresas de prestaci\u00f3n de servicios de los empleados en modalidad de teletrabajo<\/p>\n\t\t\t\t\t<\/div>\r\n\t\t\t\t<\/div>\r\n\t\t\t<\/div>\r\n\t\t<\/div>\r\n\t\t\t\t\t\t<\/div>\n\t\t\t\t<\/div>\n\t\t\t\t\t<\/div>\n\t\t<\/div>\n\t\t\t\t\t<\/div>\n\t\t<\/section>\n\t\t\t\t<section class=\"elementor-section elementor-inner-section elementor-element elementor-element-b4a3980 elementor-section-boxed elementor-section-height-default elementor-section-height-default\" data-id=\"b4a3980\" data-element_type=\"section\" data-e-type=\"section\">\n\t\t\t\t\t\t<div class=\"elementor-container elementor-column-gap-extended\">\n\t\t\t\t\t<div class=\"elementor-column elementor-col-33 elementor-inner-column elementor-element elementor-element-99d9d57\" data-id=\"99d9d57\" data-element_type=\"column\" data-e-type=\"column\">\n\t\t\t<div class=\"elementor-widget-wrap elementor-element-populated\">\n\t\t\t\t\t\t<div class=\"elementor-element elementor-element-8836034 elementor-animation-shrink elementor-widget elementor-widget-intech-service\" data-id=\"8836034\" data-element_type=\"widget\" data-e-type=\"widget\" data-widget_type=\"intech-service.default\">\n\t\t\t\t<div class=\"elementor-widget-container\">\n\t\t\t\t\t\t\t<div class=\"service-box style-three shrink\">\r\n\t\t\t\t\t\t<div class=\"service-contents\">\r\n\t\t\t\t\t\t\t\t<div class=\"service-c-inner\">\r\n\t\t\t\t\t<div class=\"service-titles\">\r\n\t\t\t\t\t\t<h3>\r\n\t\t\t\t\t\t\t\t\t\t\t\t<div class=\"service-title-con\">\r\n\t\t\t\t\t\t<i class=\"flaticon-book-1\"><\/i>\r\n\t\t\t\t\t\t<\/div>\r\n\t\t\t\t\t\t\t\t\t\t\t\t\t<a href=\"https:\/\/maclaboral.com\/es\/expedients-de-regulacio-docupacio\/\">Expedientes de regulaci\u00f3n de empleo<\/a>\r\n\t\t\t\t\t\t<\/h3>\r\n\t\t\t\t\t<\/div>\r\n\t\t\t\t\t<div class=\"service-dec\">\r\n\t\t\t\t\t<p>Procedimientos de solicitud y gesti\u00f3n de ERTE y ERE<\/p>\n\t\t\t\t\t<\/div>\r\n\t\t\t\t<\/div>\r\n\t\t\t<\/div>\r\n\t\t<\/div>\r\n\t\t\t\t\t\t<\/div>\n\t\t\t\t<\/div>\n\t\t\t\t\t<\/div>\n\t\t<\/div>\n\t\t\t\t<div class=\"elementor-column elementor-col-33 elementor-inner-column elementor-element elementor-element-cb6719b\" data-id=\"cb6719b\" data-element_type=\"column\" data-e-type=\"column\">\n\t\t\t<div class=\"elementor-widget-wrap elementor-element-populated\">\n\t\t\t\t\t\t<div class=\"elementor-element elementor-element-2cf89ed elementor-animation-shrink elementor-widget elementor-widget-intech-service\" data-id=\"2cf89ed\" data-element_type=\"widget\" data-e-type=\"widget\" data-widget_type=\"intech-service.default\">\n\t\t\t\t<div class=\"elementor-widget-container\">\n\t\t\t\t\t\t\t<div class=\"service-box style-three shrink\">\r\n\t\t\t\t\t\t<div class=\"service-contents\">\r\n\t\t\t\t\t\t\t\t<div class=\"service-c-inner\">\r\n\t\t\t\t\t<div class=\"service-titles\">\r\n\t\t\t\t\t\t<h3>\r\n\t\t\t\t\t\t\t\t\t\t\t\t<div class=\"service-title-con\">\r\n\t\t\t\t\t\t<i class=\"fa fa-life-buoy\"><\/i>\r\n\t\t\t\t\t\t<\/div>\r\n\t\t\t\t\t\t\t\t\t\t\t\t\t<a href=\"https:\/\/maclaboral.com\/es\/seguretat-social\/\">Seguridad social<\/a>\r\n\t\t\t\t\t\t<\/h3>\r\n\t\t\t\t\t<\/div>\r\n\t\t\t\t\t<div class=\"service-dec\">\r\n\t\t\t\t\t<p>Altas, bajas y reinicios de CCC, afiliaciones, cotizaciones<\/p>\n\t\t\t\t\t<\/div>\r\n\t\t\t\t<\/div>\r\n\t\t\t<\/div>\r\n\t\t<\/div>\r\n\t\t\t\t\t\t<\/div>\n\t\t\t\t<\/div>\n\t\t\t\t\t<\/div>\n\t\t<\/div>\n\t\t\t\t<div class=\"elementor-column elementor-col-33 elementor-inner-column elementor-element elementor-element-f88bee3\" data-id=\"f88bee3\" data-element_type=\"column\" data-e-type=\"column\">\n\t\t\t<div class=\"elementor-widget-wrap elementor-element-populated\">\n\t\t\t\t\t\t<div class=\"elementor-element elementor-element-0b7d61b elementor-animation-shrink elementor-widget elementor-widget-intech-service\" data-id=\"0b7d61b\" data-element_type=\"widget\" data-e-type=\"widget\" data-widget_type=\"intech-service.default\">\n\t\t\t\t<div class=\"elementor-widget-container\">\n\t\t\t\t\t\t\t<div class=\"service-box style-three shrink\">\r\n\t\t\t\t\t\t<div class=\"service-contents\">\r\n\t\t\t\t\t\t\t\t<div class=\"service-c-inner\">\r\n\t\t\t\t\t<div class=\"service-titles\">\r\n\t\t\t\t\t\t<h3>\r\n\t\t\t\t\t\t\t\t\t\t\t\t<div class=\"service-title-con\">\r\n\t\t\t\t\t\t<i class=\"flaticon-team\"><\/i>\r\n\t\t\t\t\t\t<\/div>\r\n\t\t\t\t\t\t\t\t\t\t\t\t\t<a href=\"https:\/\/maclaboral.com\/es\/gestio-i-altres-serveis\/\">Gesti\u00f3n y otros servicios<\/a>\r\n\t\t\t\t\t\t<\/h3>\r\n\t\t\t\t\t<\/div>\r\n\t\t\t\t\t<div class=\"service-dec\">\r\n\t\t\t\t\t<p>Certificados de empresa, aplazamientos de deuda con la Seguridad Social, planes de igualdad, gesti\u00f3n de conflictos<\/p>\n\t\t\t\t\t<\/div>\r\n\t\t\t\t<\/div>\r\n\t\t\t<\/div>\r\n\t\t<\/div>\r\n\t\t\t\t\t\t<\/div>\n\t\t\t\t<\/div>\n\t\t\t\t\t<\/div>\n\t\t<\/div>\n\t\t\t\t\t<\/div>\n\t\t<\/section>\n\t\t\t\t\t<\/div>\n\t\t<\/div>\n\t\t\t\t\t<\/div>\n\t\t<\/section>\n\t\t\t\t<\/div>","protected":false},"excerpt":{"rendered":"<p>Gesti\u00f3 de n\u00f2mines i sistema retributiu L&#8217;externalitzaci\u00f3 de les n\u00f2mines li permet a l&#8217;empresa delegar una part de les seves funcions a un prove\u00efdor especialitzat, amb la finalitat d&#8217;estalviar costos, garantint un servei de qualitat en tot moment. A m\u00e9s, li permetr\u00e0 optimitzar el pressupost de personal al m\u00e0xim, ja que el nostre equip d&#8217;experts [&hellip;]<\/p>\n","protected":false},"author":1,"featured_media":0,"parent":0,"menu_order":0,"comment_status":"closed","ping_status":"closed","template":"elementor_header_footer","meta":{"_themeisle_gutenberg_block_has_review":false,"footnotes":""},"class_list":["post-4162","page","type-page","status-publish","hentry"],"aioseo_notices":[],"_links":{"self":[{"href":"https:\/\/maclaboral.com\/es\/wp-json\/wp\/v2\/pages\/4162","targetHints":{"allow":["GET"]}}],"collection":[{"href":"https:\/\/maclaboral.com\/es\/wp-json\/wp\/v2\/pages"}],"about":[{"href":"https:\/\/maclaboral.com\/es\/wp-json\/wp\/v2\/types\/page"}],"author":[{"embeddable":true,"href":"https:\/\/maclaboral.com\/es\/wp-json\/wp\/v2\/users\/1"}],"replies":[{"embeddable":true,"href":"https:\/\/maclaboral.com\/es\/wp-json\/wp\/v2\/comments?post=4162"}],"version-history":[{"count":59,"href":"https:\/\/maclaboral.com\/es\/wp-json\/wp\/v2\/pages\/4162\/revisions"}],"predecessor-version":[{"id":5007,"href":"https:\/\/maclaboral.com\/es\/wp-json\/wp\/v2\/pages\/4162\/revisions\/5007"}],"wp:attachment":[{"href":"https:\/\/maclaboral.com\/es\/wp-json\/wp\/v2\/media?parent=4162"}],"curies":[{"name":"wp","href":"https:\/\/api.w.org\/{rel}","templated":true}]}}