{"id":4170,"date":"2021-12-10T16:56:13","date_gmt":"2021-12-10T16:56:13","guid":{"rendered":"http:\/\/maclaboral.com\/?page_id=4170"},"modified":"2022-08-29T11:40:27","modified_gmt":"2022-08-29T10:40:27","slug":"contractacio-laboral","status":"publish","type":"page","link":"https:\/\/maclaboral.com\/es\/contractacio-laboral\/","title":{"rendered":"Contrataci\u00f3n laboral"},"content":{"rendered":"<div data-elementor-type=\"wp-page\" data-elementor-id=\"4170\" class=\"elementor elementor-4170\">\n\t\t\t\t\t\t<section class=\"elementor-section elementor-top-section elementor-element elementor-element-1f7dcb37 elementor-section-height-min-height elementor-section-content-middle elementor-section-stretched elementor-section-boxed elementor-section-height-default elementor-section-items-middle\" data-id=\"1f7dcb37\" data-element_type=\"section\" data-e-type=\"section\" data-settings=\"{&quot;background_background&quot;:&quot;classic&quot;,&quot;stretch_section&quot;:&quot;section-stretched&quot;}\">\n\t\t\t\t\t\t\t<div class=\"elementor-background-overlay\"><\/div>\n\t\t\t\t\t\t\t<div class=\"elementor-container elementor-column-gap-default\">\n\t\t\t\t\t<div class=\"elementor-column elementor-col-100 elementor-top-column elementor-element elementor-element-71ee91ed\" data-id=\"71ee91ed\" data-element_type=\"column\" data-e-type=\"column\">\n\t\t\t<div class=\"elementor-widget-wrap elementor-element-populated\">\n\t\t\t\t\t\t<div class=\"elementor-element elementor-element-5aaee75d elementor-widget elementor-widget-heading\" data-id=\"5aaee75d\" data-element_type=\"widget\" data-e-type=\"widget\" data-widget_type=\"heading.default\">\n\t\t\t\t<div class=\"elementor-widget-container\">\n\t\t\t\t\t<h2 class=\"elementor-heading-title elementor-size-default\">Contrataci\u00f3n laboral<\/h2>\t\t\t\t<\/div>\n\t\t\t\t<\/div>\n\t\t\t\t\t<\/div>\n\t\t<\/div>\n\t\t\t\t\t<\/div>\n\t\t<\/section>\n\t\t\t\t<section class=\"elementor-section elementor-top-section elementor-element elementor-element-182a29c9 elementor-section-boxed elementor-section-height-default elementor-section-height-default\" data-id=\"182a29c9\" data-element_type=\"section\" data-e-type=\"section\">\n\t\t\t\t\t\t<div class=\"elementor-container elementor-column-gap-extended\">\n\t\t\t\t\t<div class=\"elementor-column elementor-col-66 elementor-top-column elementor-element elementor-element-5f7d01ae\" data-id=\"5f7d01ae\" data-element_type=\"column\" data-e-type=\"column\">\n\t\t\t<div class=\"elementor-widget-wrap elementor-element-populated\">\n\t\t\t\t\t\t<div class=\"elementor-element elementor-element-eb955c0 elementor-widget elementor-widget-text-editor\" data-id=\"eb955c0\" data-element_type=\"widget\" data-e-type=\"widget\" data-widget_type=\"text-editor.default\">\n\t\t\t\t<div class=\"elementor-widget-container\">\n\t\t\t\t\t\t\t\t\t<p>Un contrato de trabajo es un acuerdo entre la empresa y la persona trabajadora por el que \u00e9sta se obliga a prestar determinados servicios, por cuenta de la persona empresaria y bajo su direcci\u00f3n, a cambio de una retribuci\u00f3n. Cada una de las partes podr\u00e1 exigir que el contrato se celebre por escrito y en cualquier momento del transcurso de la relaci\u00f3n laboral. Si el contrato de trabajo supera un mes de trabajo, deber\u00e1 obligatoriamente formalizarse por escrito.<\/p><p>En MACLABORAL realizamos toda la gesti\u00f3n y asesoramiento de las modalidades de contrataci\u00f3n:<\/p><p>Contratos de trabajo indefinido.<\/p><ul><li>Contratos de trabajo temporales.<\/li><li>Contratos a tiempo parcial<\/li><li>Contratos para la formaci\u00f3n y aprendizaje.<\/li><li>Contrato en pr\u00e1cticas.<\/li><li>Pr\u00f3rrogas de contratos<\/li><li>Registro de contratos al SEPE<\/li><\/ul><p>\u00a0<\/p>\t\t\t\t\t\t\t\t<\/div>\n\t\t\t\t<\/div>\n\t\t\t\t\t<\/div>\n\t\t<\/div>\n\t\t\t\t<div class=\"elementor-column elementor-col-33 elementor-top-column elementor-element elementor-element-4e62b112\" data-id=\"4e62b112\" data-element_type=\"column\" data-e-type=\"column\">\n\t\t\t<div class=\"elementor-widget-wrap elementor-element-populated\">\n\t\t\t\t\t\t<div class=\"elementor-element elementor-element-ddb5169 elementor-widget elementor-widget-intech-support\" data-id=\"ddb5169\" data-element_type=\"widget\" data-e-type=\"widget\" data-widget_type=\"intech-support.default\">\n\t\t\t\t<div class=\"elementor-widget-container\">\n\t\t\t\t\t\t\t<div class=\"support-boxs\">\r\n\t\t\t<div class=\"support-box\">\r\n\t\t\t\t\t\t\t\t<h2>Necesitas que te ayudemos?<\/h2>\t\t\t\t<div class=\"support-dec\">\r\n\t\t\t\t<p>Env\u00edanos un correo electr\u00f3nico a <a href=\"mailto:info@maclaboral.com\">info@maclaboral.com<\/a> con tu consulta o bien rellena nuestro formulario de contacto. Respondemos en un plazo de 24-48 horas<\/p>\n\t\t\t\t<\/div>\r\n\t\t\t\t\t\t\t\t<div class=\"support-btn\">\r\n\t\t\t\t\t<div class=\"theme-buttons\">\r\n\t\t\t\t\t\t<a href=\"https:\/\/maclaboral.com\/es\/contacte\/\" target=\"_blank\" class=\"theme-button\">\r\n\t\t\t\t\t\t\tContactar<i class=\"flaticon-right-arrow\"><\/i>\r\n\t\t\t\t\t\t<\/a>\r\n\t\t\t\t\t<\/div>\r\n\t\t\t\t<\/div>\r\n\t\t\t\t\t\t\t<\/div>\r\n\t\t<\/div>\r\n\t\t\t\t\t\t<\/div>\n\t\t\t\t<\/div>\n\t\t\t\t\t<\/div>\n\t\t<\/div>\n\t\t\t\t\t<\/div>\n\t\t<\/section>\n\t\t\t\t<section class=\"elementor-section elementor-top-section elementor-element elementor-element-3cf6384 elementor-section-boxed elementor-section-height-default elementor-section-height-default\" data-id=\"3cf6384\" data-element_type=\"section\" data-e-type=\"section\" data-settings=\"{&quot;background_background&quot;:&quot;gradient&quot;}\">\n\t\t\t\t\t\t<div class=\"elementor-container elementor-column-gap-default\">\n\t\t\t\t\t<div class=\"elementor-column elementor-col-100 elementor-top-column elementor-element elementor-element-9391103\" data-id=\"9391103\" data-element_type=\"column\" data-e-type=\"column\">\n\t\t\t<div class=\"elementor-widget-wrap elementor-element-populated\">\n\t\t\t\t\t\t<div class=\"elementor-element elementor-element-fdb274a elementor-widget elementor-widget-intech-title\" data-id=\"fdb274a\" data-element_type=\"widget\" data-e-type=\"widget\" data-widget_type=\"intech-title.default\">\n\t\t\t\t<div class=\"elementor-widget-container\">\n\t\t\t\t\t\t\t<div class=\"title-boxs\">\r\n\t\t\t<div class=\"title-box\">\r\n\t\t\t\t\t\t\t\t<span class=\"small-title\">Nuestro servicios<\/span>\r\n\t\t\t\t\t\t\t\t\t\t\t\t\t<h2 class=\"title-hadding\"><span><p>Nuestra gama de servicios precisos, integrales y efectivos para cubrir cualquier eventualidad<\/p>\n<\/span><\/h2>\r\n\t\t\t\t\t\t\t\t\t\t\t<\/div>\r\n\t\t<\/div>\r\n\t\t\t\t\t\t<\/div>\n\t\t\t\t<\/div>\n\t\t\t\t<section class=\"elementor-section elementor-inner-section elementor-element elementor-element-f32baf3 elementor-section-boxed elementor-section-height-default elementor-section-height-default\" data-id=\"f32baf3\" data-element_type=\"section\" data-e-type=\"section\">\n\t\t\t\t\t\t<div class=\"elementor-container elementor-column-gap-extended\">\n\t\t\t\t\t<div class=\"elementor-column elementor-col-33 elementor-inner-column elementor-element elementor-element-9bcee52\" data-id=\"9bcee52\" data-element_type=\"column\" data-e-type=\"column\">\n\t\t\t<div class=\"elementor-widget-wrap elementor-element-populated\">\n\t\t\t\t\t\t<div class=\"elementor-element elementor-element-2748769 elementor-animation-shrink elementor-widget elementor-widget-intech-service\" data-id=\"2748769\" data-element_type=\"widget\" data-e-type=\"widget\" data-widget_type=\"intech-service.default\">\n\t\t\t\t<div class=\"elementor-widget-container\">\n\t\t\t\t\t\t\t<div class=\"service-box style-three shrink\">\r\n\t\t\t\t\t\t<div class=\"service-contents\">\r\n\t\t\t\t\t\t\t\t<div class=\"service-c-inner\">\r\n\t\t\t\t\t<div class=\"service-titles\">\r\n\t\t\t\t\t\t<h3>\r\n\t\t\t\t\t\t\t\t\t\t\t\t<div class=\"service-title-con\">\r\n\t\t\t\t\t\t<i class=\"fa fa-euro\"><\/i>\r\n\t\t\t\t\t\t<\/div>\r\n\t\t\t\t\t\t\t\t\t\t\t\t\t<a href=\"https:\/\/maclaboral.com\/es\/gestio-de-nomines-i-sistema-retributiu\/\">Gesti\u00f3n de n\u00f3minas y sistema retributivo<\/a>\r\n\t\t\t\t\t\t<\/h3>\r\n\t\t\t\t\t<\/div>\r\n\t\t\t\t\t<div class=\"service-dec\">\r\n\t\t\t\t\t<p>N\u00f3minas, liquidaciones,  despidos, bonificaciones, partes de IT, convenios colectivos<\/p>\n\t\t\t\t\t<\/div>\r\n\t\t\t\t<\/div>\r\n\t\t\t<\/div>\r\n\t\t<\/div>\r\n\t\t\t\t\t\t<\/div>\n\t\t\t\t<\/div>\n\t\t\t\t\t<\/div>\n\t\t<\/div>\n\t\t\t\t<div class=\"elementor-column elementor-col-33 elementor-inner-column elementor-element elementor-element-4d8f0de\" data-id=\"4d8f0de\" data-element_type=\"column\" data-e-type=\"column\">\n\t\t\t<div class=\"elementor-widget-wrap elementor-element-populated\">\n\t\t\t\t\t\t<div class=\"elementor-element elementor-element-60f7641 elementor-animation-shrink elementor-widget elementor-widget-intech-service\" data-id=\"60f7641\" data-element_type=\"widget\" data-e-type=\"widget\" data-widget_type=\"intech-service.default\">\n\t\t\t\t<div class=\"elementor-widget-container\">\n\t\t\t\t\t\t\t<div class=\"service-box style-three shrink\">\r\n\t\t\t\t\t\t<div class=\"service-contents\">\r\n\t\t\t\t\t\t\t\t<div class=\"service-c-inner\">\r\n\t\t\t\t\t<div class=\"service-titles\">\r\n\t\t\t\t\t\t<h3>\r\n\t\t\t\t\t\t\t\t\t\t\t\t<div class=\"service-title-con\">\r\n\t\t\t\t\t\t<i class=\"fa fa-handshake-o\"><\/i>\r\n\t\t\t\t\t\t<\/div>\r\n\t\t\t\t\t\t\t\t\t\t\t\t\t<a href=\"https:\/\/maclaboral.com\/es\/contractacio-laboral\/\">Contrataci\u00f3n laboral<\/a>\r\n\t\t\t\t\t\t<\/h3>\r\n\t\t\t\t\t<\/div>\r\n\t\t\t\t\t<div class=\"service-dec\">\r\n\t\t\t\t\t<p>Contratos de trabajo indefinidos, temporales, a tiempo parcial, para la formaci\u00f3n, en pr\u00e1cticas<\/p>\n\t\t\t\t\t<\/div>\r\n\t\t\t\t<\/div>\r\n\t\t\t<\/div>\r\n\t\t<\/div>\r\n\t\t\t\t\t\t<\/div>\n\t\t\t\t<\/div>\n\t\t\t\t\t<\/div>\n\t\t<\/div>\n\t\t\t\t<div class=\"elementor-column elementor-col-33 elementor-inner-column elementor-element elementor-element-896d2d4\" data-id=\"896d2d4\" data-element_type=\"column\" data-e-type=\"column\">\n\t\t\t<div class=\"elementor-widget-wrap elementor-element-populated\">\n\t\t\t\t\t\t<div class=\"elementor-element elementor-element-84a84cd elementor-animation-shrink elementor-widget elementor-widget-intech-service\" data-id=\"84a84cd\" data-element_type=\"widget\" data-e-type=\"widget\" data-widget_type=\"intech-service.default\">\n\t\t\t\t<div class=\"elementor-widget-container\">\n\t\t\t\t\t\t\t<div class=\"service-box style-three shrink\">\r\n\t\t\t\t\t\t<div class=\"service-contents\">\r\n\t\t\t\t\t\t\t\t<div class=\"service-c-inner\">\r\n\t\t\t\t\t<div class=\"service-titles\">\r\n\t\t\t\t\t\t<h3>\r\n\t\t\t\t\t\t\t\t\t\t\t\t<div class=\"service-title-con\">\r\n\t\t\t\t\t\t<i class=\"flaticon-responsive\"><\/i>\r\n\t\t\t\t\t\t<\/div>\r\n\t\t\t\t\t\t\t\t\t\t\t\t\t<a href=\"https:\/\/maclaboral.com\/es\/treball-a-distancia-i-teletreball\/\">Trabajo a distancia y teletrabajo<\/a>\r\n\t\t\t\t\t\t<\/h3>\r\n\t\t\t\t\t<\/div>\r\n\t\t\t\t\t<div class=\"service-dec\">\r\n\t\t\t\t\t<p>Reglamentos para empresas de prestaci\u00f3n de servicios de los empleados en modalidad de teletrabajo<\/p>\n\t\t\t\t\t<\/div>\r\n\t\t\t\t<\/div>\r\n\t\t\t<\/div>\r\n\t\t<\/div>\r\n\t\t\t\t\t\t<\/div>\n\t\t\t\t<\/div>\n\t\t\t\t\t<\/div>\n\t\t<\/div>\n\t\t\t\t\t<\/div>\n\t\t<\/section>\n\t\t\t\t<section class=\"elementor-section elementor-inner-section elementor-element elementor-element-ebef19c elementor-section-boxed elementor-section-height-default elementor-section-height-default\" data-id=\"ebef19c\" data-element_type=\"section\" data-e-type=\"section\">\n\t\t\t\t\t\t<div class=\"elementor-container elementor-column-gap-extended\">\n\t\t\t\t\t<div class=\"elementor-column elementor-col-33 elementor-inner-column elementor-element elementor-element-a118ed9\" data-id=\"a118ed9\" data-element_type=\"column\" data-e-type=\"column\">\n\t\t\t<div class=\"elementor-widget-wrap elementor-element-populated\">\n\t\t\t\t\t\t<div class=\"elementor-element elementor-element-bd16fde elementor-animation-shrink elementor-widget elementor-widget-intech-service\" data-id=\"bd16fde\" data-element_type=\"widget\" data-e-type=\"widget\" data-widget_type=\"intech-service.default\">\n\t\t\t\t<div class=\"elementor-widget-container\">\n\t\t\t\t\t\t\t<div class=\"service-box style-three shrink\">\r\n\t\t\t\t\t\t<div class=\"service-contents\">\r\n\t\t\t\t\t\t\t\t<div class=\"service-c-inner\">\r\n\t\t\t\t\t<div class=\"service-titles\">\r\n\t\t\t\t\t\t<h3>\r\n\t\t\t\t\t\t\t\t\t\t\t\t<div class=\"service-title-con\">\r\n\t\t\t\t\t\t<i class=\"flaticon-book-1\"><\/i>\r\n\t\t\t\t\t\t<\/div>\r\n\t\t\t\t\t\t\t\t\t\t\t\t\t<a href=\"https:\/\/maclaboral.com\/es\/expedients-de-regulacio-docupacio\/\">Expedientes de regulaci\u00f3n de empleo<\/a>\r\n\t\t\t\t\t\t<\/h3>\r\n\t\t\t\t\t<\/div>\r\n\t\t\t\t\t<div class=\"service-dec\">\r\n\t\t\t\t\t<p>Procedimientos de solicitud y gesti\u00f3n de ERTE y ERE<\/p>\n\t\t\t\t\t<\/div>\r\n\t\t\t\t<\/div>\r\n\t\t\t<\/div>\r\n\t\t<\/div>\r\n\t\t\t\t\t\t<\/div>\n\t\t\t\t<\/div>\n\t\t\t\t\t<\/div>\n\t\t<\/div>\n\t\t\t\t<div class=\"elementor-column elementor-col-33 elementor-inner-column elementor-element elementor-element-763234d\" data-id=\"763234d\" data-element_type=\"column\" data-e-type=\"column\">\n\t\t\t<div class=\"elementor-widget-wrap elementor-element-populated\">\n\t\t\t\t\t\t<div class=\"elementor-element elementor-element-61ac415 elementor-animation-shrink elementor-widget elementor-widget-intech-service\" data-id=\"61ac415\" data-element_type=\"widget\" data-e-type=\"widget\" data-widget_type=\"intech-service.default\">\n\t\t\t\t<div class=\"elementor-widget-container\">\n\t\t\t\t\t\t\t<div class=\"service-box style-three shrink\">\r\n\t\t\t\t\t\t<div class=\"service-contents\">\r\n\t\t\t\t\t\t\t\t<div class=\"service-c-inner\">\r\n\t\t\t\t\t<div class=\"service-titles\">\r\n\t\t\t\t\t\t<h3>\r\n\t\t\t\t\t\t\t\t\t\t\t\t<div class=\"service-title-con\">\r\n\t\t\t\t\t\t<i class=\"fa fa-life-buoy\"><\/i>\r\n\t\t\t\t\t\t<\/div>\r\n\t\t\t\t\t\t\t\t\t\t\t\t\t<a href=\"https:\/\/maclaboral.com\/es\/seguretat-social\/\">Seguridad social<\/a>\r\n\t\t\t\t\t\t<\/h3>\r\n\t\t\t\t\t<\/div>\r\n\t\t\t\t\t<div class=\"service-dec\">\r\n\t\t\t\t\t<p>Altas, bajas y reinicios de CCC, afiliaciones, cotizaciones<\/p>\n\t\t\t\t\t<\/div>\r\n\t\t\t\t<\/div>\r\n\t\t\t<\/div>\r\n\t\t<\/div>\r\n\t\t\t\t\t\t<\/div>\n\t\t\t\t<\/div>\n\t\t\t\t\t<\/div>\n\t\t<\/div>\n\t\t\t\t<div class=\"elementor-column elementor-col-33 elementor-inner-column elementor-element elementor-element-5978649\" data-id=\"5978649\" data-element_type=\"column\" data-e-type=\"column\">\n\t\t\t<div class=\"elementor-widget-wrap elementor-element-populated\">\n\t\t\t\t\t\t<div class=\"elementor-element elementor-element-ade2af2 elementor-animation-shrink elementor-widget elementor-widget-intech-service\" data-id=\"ade2af2\" data-element_type=\"widget\" data-e-type=\"widget\" data-widget_type=\"intech-service.default\">\n\t\t\t\t<div class=\"elementor-widget-container\">\n\t\t\t\t\t\t\t<div class=\"service-box style-three shrink\">\r\n\t\t\t\t\t\t<div class=\"service-contents\">\r\n\t\t\t\t\t\t\t\t<div class=\"service-c-inner\">\r\n\t\t\t\t\t<div class=\"service-titles\">\r\n\t\t\t\t\t\t<h3>\r\n\t\t\t\t\t\t\t\t\t\t\t\t<div class=\"service-title-con\">\r\n\t\t\t\t\t\t<i class=\"flaticon-team\"><\/i>\r\n\t\t\t\t\t\t<\/div>\r\n\t\t\t\t\t\t\t\t\t\t\t\t\t<a href=\"https:\/\/maclaboral.com\/es\/gestio-i-altres-serveis\/\">Gesti\u00f3n y otros servicios<\/a>\r\n\t\t\t\t\t\t<\/h3>\r\n\t\t\t\t\t<\/div>\r\n\t\t\t\t\t<div class=\"service-dec\">\r\n\t\t\t\t\t<p>Certificados de empresa, aplazamientos de deuda con la Seguridad Social, planes de igualdad, gesti\u00f3n de conflictos<\/p>\n\t\t\t\t\t<\/div>\r\n\t\t\t\t<\/div>\r\n\t\t\t<\/div>\r\n\t\t<\/div>\r\n\t\t\t\t\t\t<\/div>\n\t\t\t\t<\/div>\n\t\t\t\t\t<\/div>\n\t\t<\/div>\n\t\t\t\t\t<\/div>\n\t\t<\/section>\n\t\t\t\t\t<\/div>\n\t\t<\/div>\n\t\t\t\t\t<\/div>\n\t\t<\/section>\n\t\t\t\t<\/div>","protected":false},"excerpt":{"rendered":"<p>Contractaci\u00f3 laboral Un contracte de treball \u00e9s un acord entre l&#8217;empresa i la persona treballadora pel qual aquesta s&#8217;obliga a prestar determinats serveis, per compte de la persona empres\u00e0ria i sota la seva direcci\u00f3, a canvi d&#8217;una retribuci\u00f3. Cadascuna de les parts podr\u00e0 exigir que el contracte se celebri per escrit i en qualsevol moment [&hellip;]<\/p>\n","protected":false},"author":1,"featured_media":0,"parent":0,"menu_order":0,"comment_status":"closed","ping_status":"closed","template":"elementor_header_footer","meta":{"_themeisle_gutenberg_block_has_review":false,"footnotes":""},"class_list":["post-4170","page","type-page","status-publish","hentry"],"aioseo_notices":[],"_links":{"self":[{"href":"https:\/\/maclaboral.com\/es\/wp-json\/wp\/v2\/pages\/4170","targetHints":{"allow":["GET"]}}],"collection":[{"href":"https:\/\/maclaboral.com\/es\/wp-json\/wp\/v2\/pages"}],"about":[{"href":"https:\/\/maclaboral.com\/es\/wp-json\/wp\/v2\/types\/page"}],"author":[{"embeddable":true,"href":"https:\/\/maclaboral.com\/es\/wp-json\/wp\/v2\/users\/1"}],"replies":[{"embeddable":true,"href":"https:\/\/maclaboral.com\/es\/wp-json\/wp\/v2\/comments?post=4170"}],"version-history":[{"count":27,"href":"https:\/\/maclaboral.com\/es\/wp-json\/wp\/v2\/pages\/4170\/revisions"}],"predecessor-version":[{"id":4970,"href":"https:\/\/maclaboral.com\/es\/wp-json\/wp\/v2\/pages\/4170\/revisions\/4970"}],"wp:attachment":[{"href":"https:\/\/maclaboral.com\/es\/wp-json\/wp\/v2\/media?parent=4170"}],"curies":[{"name":"wp","href":"https:\/\/api.w.org\/{rel}","templated":true}]}}