{"id":4180,"date":"2021-12-10T17:00:20","date_gmt":"2021-12-10T17:00:20","guid":{"rendered":"http:\/\/maclaboral.com\/?page_id=4180"},"modified":"2022-08-29T11:42:00","modified_gmt":"2022-08-29T10:42:00","slug":"treball-a-distancia-i-teletreball","status":"publish","type":"page","link":"https:\/\/maclaboral.com\/es\/treball-a-distancia-i-teletreball\/","title":{"rendered":"Trabajo a distancia y Teletrabajo"},"content":{"rendered":"<div data-elementor-type=\"wp-page\" data-elementor-id=\"4180\" class=\"elementor elementor-4180\">\n\t\t\t\t\t\t<section class=\"elementor-section elementor-top-section elementor-element elementor-element-7fe2ecdf elementor-section-height-min-height elementor-section-content-middle elementor-section-stretched elementor-section-boxed elementor-section-height-default elementor-section-items-middle\" data-id=\"7fe2ecdf\" data-element_type=\"section\" data-e-type=\"section\" data-settings=\"{&quot;background_background&quot;:&quot;classic&quot;,&quot;stretch_section&quot;:&quot;section-stretched&quot;}\">\n\t\t\t\t\t\t\t<div class=\"elementor-background-overlay\"><\/div>\n\t\t\t\t\t\t\t<div class=\"elementor-container elementor-column-gap-default\">\n\t\t\t\t\t<div class=\"elementor-column elementor-col-100 elementor-top-column elementor-element elementor-element-58da2c3f\" data-id=\"58da2c3f\" data-element_type=\"column\" data-e-type=\"column\">\n\t\t\t<div class=\"elementor-widget-wrap elementor-element-populated\">\n\t\t\t\t\t\t<div class=\"elementor-element elementor-element-5497b569 elementor-widget elementor-widget-heading\" data-id=\"5497b569\" data-element_type=\"widget\" data-e-type=\"widget\" data-widget_type=\"heading.default\">\n\t\t\t\t<div class=\"elementor-widget-container\">\n\t\t\t\t\t<h2 class=\"elementor-heading-title elementor-size-default\">Trabajo a distancia y Teletrabajo<\/h2>\t\t\t\t<\/div>\n\t\t\t\t<\/div>\n\t\t\t\t\t<\/div>\n\t\t<\/div>\n\t\t\t\t\t<\/div>\n\t\t<\/section>\n\t\t\t\t<section class=\"elementor-section elementor-top-section elementor-element elementor-element-412479e elementor-section-boxed elementor-section-height-default elementor-section-height-default\" data-id=\"412479e\" data-element_type=\"section\" data-e-type=\"section\">\n\t\t\t\t\t\t<div class=\"elementor-container elementor-column-gap-extended\">\n\t\t\t\t\t<div class=\"elementor-column elementor-col-66 elementor-top-column elementor-element elementor-element-64206050\" data-id=\"64206050\" data-element_type=\"column\" data-e-type=\"column\">\n\t\t\t<div class=\"elementor-widget-wrap elementor-element-populated\">\n\t\t\t\t\t\t<div class=\"elementor-element elementor-element-5241a0e elementor-widget elementor-widget-heading\" data-id=\"5241a0e\" data-element_type=\"widget\" data-e-type=\"widget\" data-widget_type=\"heading.default\">\n\t\t\t\t<div class=\"elementor-widget-container\">\n\t\t\t\t\t<h2 class=\"elementor-heading-title elementor-size-default\">Trabajo a distancia y Teletrabajo<\/h2>\t\t\t\t<\/div>\n\t\t\t\t<\/div>\n\t\t\t\t<div class=\"elementor-element elementor-element-64d0eaa elementor-widget elementor-widget-text-editor\" data-id=\"64d0eaa\" data-element_type=\"widget\" data-e-type=\"widget\" data-widget_type=\"text-editor.default\">\n\t\t\t\t<div class=\"elementor-widget-container\">\n\t\t\t\t\t\t\t\t\t<p>La norma define como trabajo a distancia la forma de organizaci\u00f3n del trabajo o de realizaci\u00f3n de la actividad laboral que se presta en el domicilio de la persona trabajadora o en el lugar elegido por \u00e9sta, durante toda su jornada o parte de ella, con car\u00e1cter regular. El Teletrabajo, por su parte, es un tipo de trabajo a distancia llevado a cabo mediante el uso exclusivo o prevalente de medios y sistemas inform\u00e1ticos, telem\u00e1ticos y de telecomunicaci\u00f3n, y de manera regular. \u00bfQu\u00e9 hay que entender por \u201ccar\u00e1cter regular\u201d? Se entender\u00e1 que es regular cuando se preste en un periodo de referencia de tres meses, un m\u00ednimo del treinta por ciento de la jornada, o el porcentaje proporcional equivalente en funci\u00f3n de la duraci\u00f3n del contrato de trabajo.<\/p><p>Ambas modalidades de prestaci\u00f3n de servicios ha sido objeto de regulaci\u00f3n hasta a la actual Ley 10\/2021, de 9 de julio, de trabajo a distancia, que deroga la el Real Decreto-ley 28\/2020, de 22 de septiembre, de trabajo a distancia.<\/p><p>\u00a0<\/p><p>Las relaciones de trabajo a las que resultar\u00e1 de aplicaci\u00f3n la Ley ser\u00e1n aquellas en las que concurran las condiciones descritas en el art\u00edculo 1.1 del texto refundido de la Ley del Estatuto de los Trabajadores aprobado por el Real Decreto Legislativo 2\/2015, de 23 de octubre, que se desarrollen a distancia con car\u00e1cter regular.<\/p><p>En MacLaboral, orientamos y asesoramos a las empresas en relaci\u00f3n a la legislaci\u00f3n vigente en materia de Teletrabajo y la redacci\u00f3n del Reglamento de Teletrabajo para la empresa.<\/p>\t\t\t\t\t\t\t\t<\/div>\n\t\t\t\t<\/div>\n\t\t\t\t<div class=\"elementor-element elementor-element-253966d elementor-widget elementor-widget-heading\" data-id=\"253966d\" data-element_type=\"widget\" data-e-type=\"widget\" data-widget_type=\"heading.default\">\n\t\t\t\t<div class=\"elementor-widget-container\">\n\t\t\t\t\t<h2 class=\"elementor-heading-title elementor-size-default\">Expedientes de regulaci\u00f3n de empleo<\/h2>\t\t\t\t<\/div>\n\t\t\t\t<\/div>\n\t\t\t\t<div class=\"elementor-element elementor-element-18455e6 elementor-widget elementor-widget-text-editor\" data-id=\"18455e6\" data-element_type=\"widget\" data-e-type=\"widget\" data-widget_type=\"text-editor.default\">\n\t\t\t\t<div class=\"elementor-widget-container\">\n\t\t\t\t\t\t\t\t\t<p>Un Expediente de Regulaci\u00f3n de Empleo (ERE), es un procedimiento que permite a una empresa, en una mala posici\u00f3n econ\u00f3mica, obtener permiso para suspender o despedir trabajadores. La finalidad es conseguir, de la autoridad laboral correspondiente, un permiso para suspender o extinguir las relaciones laborales de una situaci\u00f3n, en la cual se garantizan algunos derechos de los trabajadores.<\/p><p>En este procedimiento intervienen varias partes: de un lado, la empresa y los trabajadores o los representantes de \u00e9stos, si los hubiere, y de otro, la Autoridad Laboral, el Servicio de Empleo P\u00fablico (SEPE) y la Seguridad Social.<\/p><p>En Maclaboral realizamos el asesoramiento y tramitaci\u00f3n de ERE, su seguimiento y control con el fin de proporcionar seguridad jur\u00eddica a nuestros clientes, y minimizar los riesgos econ\u00f3micos derivados de las situaciones transitorias de dificultad econ\u00f3mica. Entre otros:<\/p><ul><li>Despidos colectivos. Despidos colectivos fundamentados en causas econ\u00f3micas, t\u00e9cnicas, organizativas o de producci\u00f3n.<\/li><li>Suspensi\u00f3n o extinci\u00f3n de la relaci\u00f3n laboral por fuerza mayor.<\/li><li>Suspensi\u00f3n de la relaci\u00f3n laboral fundamentada en las mismas causas del apartado primero.<\/li><li>Extinci\u00f3n de la relaci\u00f3n laboral por extinci\u00f3n de la personalidad jur\u00eddica del contratante.<\/li><\/ul>\t\t\t\t\t\t\t\t<\/div>\n\t\t\t\t<\/div>\n\t\t\t\t\t<\/div>\n\t\t<\/div>\n\t\t\t\t<div class=\"elementor-column elementor-col-33 elementor-top-column elementor-element elementor-element-6a1b28e1\" data-id=\"6a1b28e1\" data-element_type=\"column\" data-e-type=\"column\">\n\t\t\t<div class=\"elementor-widget-wrap elementor-element-populated\">\n\t\t\t\t\t\t<div class=\"elementor-element elementor-element-e17e42c elementor-widget elementor-widget-intech-support\" data-id=\"e17e42c\" data-element_type=\"widget\" data-e-type=\"widget\" data-widget_type=\"intech-support.default\">\n\t\t\t\t<div class=\"elementor-widget-container\">\n\t\t\t\t\t\t\t<div class=\"support-boxs\">\r\n\t\t\t<div class=\"support-box\">\r\n\t\t\t\t\t\t\t\t<h2>Necesitas que te ayudemos?<\/h2>\t\t\t\t<div class=\"support-dec\">\r\n\t\t\t\t<p>Env\u00edanos un correo electr\u00f3nico a <a href=\"mailto:info@maclaboral.com\">info@maclaboral.com<\/a> con tu consulta o bien rellena nuestro formulario de contacto. Respondemos en un plazo de 24-48 horas<\/p>\n\t\t\t\t<\/div>\r\n\t\t\t\t\t\t\t\t<div class=\"support-btn\">\r\n\t\t\t\t\t<div class=\"theme-buttons\">\r\n\t\t\t\t\t\t<a href=\"https:\/\/maclaboral.com\/es\/contacte\/\" target=\"_blank\" class=\"theme-button\">\r\n\t\t\t\t\t\t\tContactar<i class=\"flaticon-right-arrow\"><\/i>\r\n\t\t\t\t\t\t<\/a>\r\n\t\t\t\t\t<\/div>\r\n\t\t\t\t<\/div>\r\n\t\t\t\t\t\t\t<\/div>\r\n\t\t<\/div>\r\n\t\t\t\t\t\t<\/div>\n\t\t\t\t<\/div>\n\t\t\t\t<div class=\"elementor-element elementor-element-4a4cfd76 elementor-widget elementor-widget-text-editor\" data-id=\"4a4cfd76\" data-element_type=\"widget\" data-e-type=\"widget\" data-widget_type=\"text-editor.default\">\n\t\t\t\t<div class=\"elementor-widget-container\">\n\t\t\t\t\t\t\t\t\t<p>\n<div class=\"wpcf7 no-js\" id=\"wpcf7-f4145-o1\" lang=\"en-US\" dir=\"ltr\" data-wpcf7-id=\"4145\">\n<div class=\"screen-reader-response\"><p role=\"status\" aria-live=\"polite\" aria-atomic=\"true\"><\/p> <ul><\/ul><\/div>\n<form action=\"\/es\/wp-json\/wp\/v2\/pages\/4180#wpcf7-f4145-o1\" method=\"post\" class=\"wpcf7-form init\" aria-label=\"Contact form\" novalidate=\"novalidate\" data-status=\"init\" data-trp-original-action=\"\/es\/wp-json\/wp\/v2\/pages\/4180#wpcf7-f4145-o1\">\n<fieldset class=\"hidden-fields-container\"><input type=\"hidden\" name=\"_wpcf7\" value=\"4145\" \/><input type=\"hidden\" name=\"_wpcf7_version\" value=\"6.1.5\" \/><input type=\"hidden\" name=\"_wpcf7_locale\" value=\"en_US\" \/><input type=\"hidden\" name=\"_wpcf7_unit_tag\" value=\"wpcf7-f4145-o1\" \/><input type=\"hidden\" name=\"_wpcf7_container_post\" value=\"0\" \/><input type=\"hidden\" name=\"_wpcf7_posted_data_hash\" value=\"\" \/><input type=\"hidden\" name=\"_wpcf7_recaptcha_response\" value=\"\" \/>\n<\/fieldset>\n<p><label> Nombre<br \/>\n<span class=\"wpcf7-form-control-wrap\" data-name=\"Nom\"><input size=\"40\" maxlength=\"400\" class=\"wpcf7-form-control wpcf7-text wpcf7-validates-as-required\" aria-required=\"true\" aria-invalid=\"false\" value=\"\" type=\"text\" name=\"Nom\" \/><\/span> <\/label>\n<\/p>\n<p><label> Empresa<br \/>\n<span class=\"wpcf7-form-control-wrap\" data-name=\"Empresa\"><input size=\"40\" maxlength=\"400\" class=\"wpcf7-form-control wpcf7-text wpcf7-validates-as-required\" aria-required=\"true\" aria-invalid=\"false\" value=\"\" type=\"text\" name=\"Empresa\" \/><\/span> <\/label>\n<\/p>\n<p><label> Email<br \/>\n<span class=\"wpcf7-form-control-wrap\" data-name=\"Email\"><input size=\"40\" maxlength=\"400\" class=\"wpcf7-form-control wpcf7-email wpcf7-validates-as-required wpcf7-text wpcf7-validates-as-email\" aria-required=\"true\" aria-invalid=\"false\" value=\"\" type=\"email\" name=\"Email\" \/><\/span> <\/label>\n<\/p>\n<p><label> Tel\u00e9fono<br \/>\n<span class=\"wpcf7-form-control-wrap\" data-name=\"Telefon\"><input size=\"40\" maxlength=\"400\" class=\"wpcf7-form-control wpcf7-text wpcf7-validates-as-required\" aria-required=\"true\" aria-invalid=\"false\" value=\"\" type=\"text\" name=\"Telefon\" \/><\/span> <\/label>\n<\/p>\n<p><label> Mensaje<br \/>\n<span class=\"wpcf7-form-control-wrap\" data-name=\"Missatge\"><textarea cols=\"40\" rows=\"10\" maxlength=\"2000\" class=\"wpcf7-form-control wpcf7-textarea\" aria-invalid=\"false\" name=\"Missatge\"><\/textarea><\/span> <\/label>\n<\/p>\n<p><input class=\"wpcf7-form-control wpcf7-submit has-spinner\" type=\"submit\" value=\"\u00bfTe ayudo con las dudas?\" \/>\n<\/p><div class=\"wpcf7-response-output\" aria-hidden=\"true\"><\/div>\n<input type=\"hidden\" name=\"trp-form-language\" value=\"es\"\/><\/form>\n<\/div>\n<\/p>\t\t\t\t\t\t\t\t<\/div>\n\t\t\t\t<\/div>\n\t\t\t\t\t<\/div>\n\t\t<\/div>\n\t\t\t\t\t<\/div>\n\t\t<\/section>\n\t\t\t\t<\/div>","protected":false},"excerpt":{"rendered":"<p>Treball a dist\u00e0ncia i Teletreball Treball a dist\u00e0ncia i Teletreball La norma defineix com a treball a dist\u00e0ncia la forma d&#8217;organitzaci\u00f3 del treball o de realitzaci\u00f3 de l&#8217;activitat laboral que es presta en el domicili de la persona treballadora o en el lloc triat per aquesta, durant tota la seva jornada o part d&#8217;ella, amb [&hellip;]<\/p>\n","protected":false},"author":1,"featured_media":0,"parent":0,"menu_order":0,"comment_status":"closed","ping_status":"closed","template":"elementor_header_footer","meta":{"_themeisle_gutenberg_block_has_review":false,"footnotes":""},"class_list":["post-4180","page","type-page","status-publish","hentry"],"aioseo_notices":[],"_links":{"self":[{"href":"https:\/\/maclaboral.com\/es\/wp-json\/wp\/v2\/pages\/4180","targetHints":{"allow":["GET"]}}],"collection":[{"href":"https:\/\/maclaboral.com\/es\/wp-json\/wp\/v2\/pages"}],"about":[{"href":"https:\/\/maclaboral.com\/es\/wp-json\/wp\/v2\/types\/page"}],"author":[{"embeddable":true,"href":"https:\/\/maclaboral.com\/es\/wp-json\/wp\/v2\/users\/1"}],"replies":[{"embeddable":true,"href":"https:\/\/maclaboral.com\/es\/wp-json\/wp\/v2\/comments?post=4180"}],"version-history":[{"count":34,"href":"https:\/\/maclaboral.com\/es\/wp-json\/wp\/v2\/pages\/4180\/revisions"}],"predecessor-version":[{"id":4973,"href":"https:\/\/maclaboral.com\/es\/wp-json\/wp\/v2\/pages\/4180\/revisions\/4973"}],"wp:attachment":[{"href":"https:\/\/maclaboral.com\/es\/wp-json\/wp\/v2\/media?parent=4180"}],"curies":[{"name":"wp","href":"https:\/\/api.w.org\/{rel}","templated":true}]}}