{"id":4195,"date":"2021-12-10T17:08:35","date_gmt":"2021-12-10T17:08:35","guid":{"rendered":"http:\/\/maclaboral.com\/?page_id=4195"},"modified":"2022-08-29T11:49:14","modified_gmt":"2022-08-29T10:49:14","slug":"seguretat-social","status":"publish","type":"page","link":"https:\/\/maclaboral.com\/es\/seguretat-social\/","title":{"rendered":"Seguridad social"},"content":{"rendered":"<div data-elementor-type=\"wp-page\" data-elementor-id=\"4195\" class=\"elementor elementor-4195\">\n\t\t\t\t\t\t<section class=\"elementor-section elementor-top-section elementor-element elementor-element-6f34e6bf elementor-section-height-min-height elementor-section-content-middle elementor-section-stretched elementor-section-boxed elementor-section-height-default elementor-section-items-middle\" data-id=\"6f34e6bf\" data-element_type=\"section\" data-e-type=\"section\" data-settings=\"{&quot;background_background&quot;:&quot;classic&quot;,&quot;stretch_section&quot;:&quot;section-stretched&quot;}\">\n\t\t\t\t\t\t\t<div class=\"elementor-background-overlay\"><\/div>\n\t\t\t\t\t\t\t<div class=\"elementor-container elementor-column-gap-default\">\n\t\t\t\t\t<div class=\"elementor-column elementor-col-100 elementor-top-column elementor-element elementor-element-3d4305b2\" data-id=\"3d4305b2\" data-element_type=\"column\" data-e-type=\"column\">\n\t\t\t<div class=\"elementor-widget-wrap elementor-element-populated\">\n\t\t\t\t\t\t<div class=\"elementor-element elementor-element-61a772e4 elementor-widget elementor-widget-heading\" data-id=\"61a772e4\" data-element_type=\"widget\" data-e-type=\"widget\" data-widget_type=\"heading.default\">\n\t\t\t\t<div class=\"elementor-widget-container\">\n\t\t\t\t\t<h2 class=\"elementor-heading-title elementor-size-default\">Seguridad social      <\/h2>\t\t\t\t<\/div>\n\t\t\t\t<\/div>\n\t\t\t\t\t<\/div>\n\t\t<\/div>\n\t\t\t\t\t<\/div>\n\t\t<\/section>\n\t\t\t\t<section class=\"elementor-section elementor-top-section elementor-element elementor-element-8bf8d2a elementor-section-boxed elementor-section-height-default elementor-section-height-default\" data-id=\"8bf8d2a\" data-element_type=\"section\" data-e-type=\"section\">\n\t\t\t\t\t\t<div class=\"elementor-container elementor-column-gap-extended\">\n\t\t\t\t\t<div class=\"elementor-column elementor-col-66 elementor-top-column elementor-element elementor-element-71e300a6\" data-id=\"71e300a6\" data-element_type=\"column\" data-e-type=\"column\">\n\t\t\t<div class=\"elementor-widget-wrap elementor-element-populated\">\n\t\t\t\t\t\t<div class=\"elementor-element elementor-element-244a5c0 elementor-widget elementor-widget-text-editor\" data-id=\"244a5c0\" data-element_type=\"widget\" data-e-type=\"widget\" data-widget_type=\"text-editor.default\">\n\t\t\t\t<div class=\"elementor-widget-container\">\n\t\t\t\t\t\t\t\t\t<p>La Seguridad Social, entre otras funciones, es la encargada de la afiliaci\u00f3n de las personas trabajadoras y de percibir sus cotizaciones, de los empresarios.<\/p><p>En Maclaboral hacemos el servicio integral de todas las gestiones con la Seguridad social para las empresas:<\/p><ul><li>Altas, bajas y reinicios de C\u00f3digos de Cuentas de Cotizaci\u00f3n (CCC) . Inscripciones como persona f\u00edsica o jur\u00eddica para la identificaci\u00f3n y control de las obligaciones de los respectivos reg\u00edmenes del sistema de la Seguridad Social.<ul><li>Altas, bajas y reinicios de CCC r\u00e9gimen general<\/li><li>Altas, bajas e inicios de CCC r\u00e9gimen artistas<\/li><li>Altas, bajas y reinicios de CCC r\u00e9gimen agrario<\/li><li>La gesti\u00f3n y control de la cotizaci\u00f3n de los seguros sociales y otros<\/li><li>Tramitaciones de documentos de baja, altas y partes de confirmaci\u00f3n de bajas m\u00e9dicas<\/li><li>Obtenci\u00f3n de certificados oficiales por parte de la Seguridad Social<\/li><\/ul><\/li><\/ul><div>\u00a0<\/div><ul><li><b>Afiliaciones<\/b><\/li><\/ul><p style=\"padding-left: 40px;\"><span style=\"color: var( --e-global-color-text ); font-family: var( --e-global-typography-text-font-family ), Sans-serif; font-weight: var( --e-global-typography-text-font-weight );\">La afiliaci\u00f3n es el reconocimiento de la condici\u00f3n de incluida en el Sistema de Seguridad Social a la persona f\u00edsica que, por primera vez, realiza una actividad determinante de su inclusi\u00f3n en el \u00e1mbito de aplicaci\u00f3n de la misma.<\/span><br \/><span style=\"color: var( --e-global-color-text ); font-family: var( --e-global-typography-text-font-family ), Sans-serif; font-weight: var( --e-global-typography-text-font-weight );\">Realizamos todo el abanico de tr\u00e1mites de afiliaci\u00f3n a la Seguridad Social, entre ellos:<\/span><br \/><span style=\"color: var( --e-global-color-text ); font-family: var( --e-global-typography-text-font-family ), Sans-serif; font-weight: var( --e-global-typography-text-font-weight );\">Tramitaci\u00f3n de documentaci\u00f3n de afiliaci\u00f3n para personas sin n\u00famero de afiliaci\u00f3n (asignaci\u00f3n de NAF)<\/span><br \/><span style=\"color: var( --e-global-color-text ); font-family: var( --e-global-typography-text-font-family ), Sans-serif; font-weight: var( --e-global-typography-text-font-weight );\">Altas, bajas y variaciones de datos al sistema de afiliaci\u00f3n de seguridad social<\/span><br \/><span style=\"color: var( --e-global-color-text ); font-family: var( --e-global-typography-text-font-family ), Sans-serif; font-weight: var( --e-global-typography-text-font-weight );\">Obtenci\u00f3n de informes de estado de afiliaciones de alta en la empresa<\/span><br \/><span style=\"color: var( --e-global-color-text ); font-family: var( --e-global-typography-text-font-family ), Sans-serif; font-weight: var( --e-global-typography-text-font-weight );\">Obtenci\u00f3n de informes de plantillas medias por a\u00f1o<\/span><\/p>\t\t\t\t\t\t\t\t<\/div>\n\t\t\t\t<\/div>\n\t\t\t\t\t<\/div>\n\t\t<\/div>\n\t\t\t\t<div class=\"elementor-column elementor-col-33 elementor-top-column elementor-element elementor-element-2f7c5827\" data-id=\"2f7c5827\" data-element_type=\"column\" data-e-type=\"column\">\n\t\t\t<div class=\"elementor-widget-wrap elementor-element-populated\">\n\t\t\t\t\t\t<div class=\"elementor-element elementor-element-e283d3a elementor-widget elementor-widget-intech-support\" data-id=\"e283d3a\" data-element_type=\"widget\" data-e-type=\"widget\" data-widget_type=\"intech-support.default\">\n\t\t\t\t<div class=\"elementor-widget-container\">\n\t\t\t\t\t\t\t<div class=\"support-boxs\">\r\n\t\t\t<div class=\"support-box\">\r\n\t\t\t\t\t\t\t\t<h2>Necesitas que te ayudemos?<\/h2>\t\t\t\t<div class=\"support-dec\">\r\n\t\t\t\t<p>Env\u00edanos un correo electr\u00f3nico a <a href=\"mailto:info@maclaboral.com\">info@maclaboral.com<\/a> con tu consulta o bien rellena nuestro formulario de contacto. Respondemos en un plazo de 24-48 horas<\/p>\n\t\t\t\t<\/div>\r\n\t\t\t\t\t\t\t\t<div class=\"support-btn\">\r\n\t\t\t\t\t<div class=\"theme-buttons\">\r\n\t\t\t\t\t\t<a href=\"https:\/\/maclaboral.com\/es\/contacte\/\" target=\"_blank\" class=\"theme-button\">\r\n\t\t\t\t\t\t\tContactar<i class=\"flaticon-right-arrow\"><\/i>\r\n\t\t\t\t\t\t<\/a>\r\n\t\t\t\t\t<\/div>\r\n\t\t\t\t<\/div>\r\n\t\t\t\t\t\t\t<\/div>\r\n\t\t<\/div>\r\n\t\t\t\t\t\t<\/div>\n\t\t\t\t<\/div>\n\t\t\t\t\t<\/div>\n\t\t<\/div>\n\t\t\t\t\t<\/div>\n\t\t<\/section>\n\t\t\t\t<\/div>","protected":false},"excerpt":{"rendered":"<p>Seguretat Social La Seguretat Social, entre altres funcions, \u00e9s l&#8217;encarregada de l&#8217;afiliaci\u00f3 de les persones treballadores i de percebre les seves cotitzacions, dels empresaris. A Maclaboral fem el servei integral de totes les gestions amb la Seguretat social per a les empreses: Altes, baixes i reinicis de Codis de Comptes de Cotitzaci\u00f3 (CCC) . Inscripcions [&hellip;]<\/p>\n","protected":false},"author":1,"featured_media":0,"parent":0,"menu_order":0,"comment_status":"closed","ping_status":"closed","template":"elementor_header_footer","meta":{"_themeisle_gutenberg_block_has_review":false,"footnotes":""},"class_list":["post-4195","page","type-page","status-publish","hentry"],"aioseo_notices":[],"_links":{"self":[{"href":"https:\/\/maclaboral.com\/es\/wp-json\/wp\/v2\/pages\/4195","targetHints":{"allow":["GET"]}}],"collection":[{"href":"https:\/\/maclaboral.com\/es\/wp-json\/wp\/v2\/pages"}],"about":[{"href":"https:\/\/maclaboral.com\/es\/wp-json\/wp\/v2\/types\/page"}],"author":[{"embeddable":true,"href":"https:\/\/maclaboral.com\/es\/wp-json\/wp\/v2\/users\/1"}],"replies":[{"embeddable":true,"href":"https:\/\/maclaboral.com\/es\/wp-json\/wp\/v2\/comments?post=4195"}],"version-history":[{"count":17,"href":"https:\/\/maclaboral.com\/es\/wp-json\/wp\/v2\/pages\/4195\/revisions"}],"predecessor-version":[{"id":4976,"href":"https:\/\/maclaboral.com\/es\/wp-json\/wp\/v2\/pages\/4195\/revisions\/4976"}],"wp:attachment":[{"href":"https:\/\/maclaboral.com\/es\/wp-json\/wp\/v2\/media?parent=4195"}],"curies":[{"name":"wp","href":"https:\/\/api.w.org\/{rel}","templated":true}]}}