{"id":4602,"date":"2022-01-05T16:41:33","date_gmt":"2022-01-05T16:41:33","guid":{"rendered":"https:\/\/maclaboral.com\/?page_id=4602"},"modified":"2022-01-05T16:57:16","modified_gmt":"2022-01-05T16:57:16","slug":"politica-de-cookies","status":"publish","type":"page","link":"https:\/\/maclaboral.com\/es\/politica-de-cookies\/","title":{"rendered":"Pol\u00edtica de cookies"},"content":{"rendered":"<div data-elementor-type=\"wp-page\" data-elementor-id=\"4602\" class=\"elementor elementor-4602\">\n\t\t\t\t\t\t<section class=\"elementor-section elementor-top-section elementor-element elementor-element-56ab126 elementor-section-boxed elementor-section-height-default elementor-section-height-default\" data-id=\"56ab126\" data-element_type=\"section\" data-e-type=\"section\">\n\t\t\t\t\t\t<div class=\"elementor-container elementor-column-gap-default\">\n\t\t\t\t\t<div class=\"elementor-column elementor-col-100 elementor-top-column elementor-element elementor-element-d18276a\" data-id=\"d18276a\" data-element_type=\"column\" data-e-type=\"column\">\n\t\t\t<div class=\"elementor-widget-wrap elementor-element-populated\">\n\t\t\t\t\t\t<div class=\"elementor-element elementor-element-e38834c elementor-widget elementor-widget-heading\" data-id=\"e38834c\" data-element_type=\"widget\" data-e-type=\"widget\" data-widget_type=\"heading.default\">\n\t\t\t\t<div class=\"elementor-widget-container\">\n\t\t\t\t\t<h2 class=\"elementor-heading-title elementor-size-default\">POL\u00cdTICA DE COOKIES<\/h2>\t\t\t\t<\/div>\n\t\t\t\t<\/div>\n\t\t\t\t\t<\/div>\n\t\t<\/div>\n\t\t\t\t\t<\/div>\n\t\t<\/section>\n\t\t\t\t<section class=\"elementor-section elementor-top-section elementor-element elementor-element-8fdab4a elementor-section-boxed elementor-section-height-default elementor-section-height-default\" data-id=\"8fdab4a\" data-element_type=\"section\" data-e-type=\"section\">\n\t\t\t\t\t\t<div class=\"elementor-container elementor-column-gap-default\">\n\t\t\t\t\t<div class=\"elementor-column elementor-col-50 elementor-top-column elementor-element elementor-element-14eb336\" data-id=\"14eb336\" data-element_type=\"column\" data-e-type=\"column\">\n\t\t\t<div class=\"elementor-widget-wrap elementor-element-populated\">\n\t\t\t\t\t\t<div class=\"elementor-element elementor-element-38e0ad2 elementor-widget elementor-widget-text-editor\" data-id=\"38e0ad2\" data-element_type=\"widget\" data-e-type=\"widget\" data-widget_type=\"text-editor.default\">\n\t\t\t\t<div class=\"elementor-widget-container\">\n\t\t\t\t\t\t\t\t\t<p>Utilitzem cookies pr\u00f2pies i de tercers per millorar els nostres serveis i mostrar<br \/>publicitat relacionada amb les seves prefer\u00e8ncies mitjan\u00e7ant l&#8217;an\u00e0lisi dels seus h\u00e0bits<br \/>de navegaci\u00f3. Si continua navegant, considerem que accepta el seu \u00fas.<\/p><p>POL\u00cdTICA DE COOKIES<\/p><p>Cookie \u00e9s un fitxer que es descarrega al seu ordinador en accedir a determinades<br \/>p\u00e0gines web. Les cookies permeten a una p\u00e0gina web, entre altres coses,<br \/>emmagatzemar i recuperar informaci\u00f3 sobre els h\u00e0bits de navegaci\u00f3 d&#8217;un usuari o del<br \/>seu equip i, depenent de la informaci\u00f3 que continguin i de la forma en qu\u00e8 utilitzi el<br \/>seu equip, es poden utilitzar per recon\u00e8ixer a l&#8217;usuari. El navegador de l&#8217;usuari<br \/>memoritza cookies al disc dur nom\u00e9s durant la sessi\u00f3 actual ocupant un espai de<br \/>mem\u00f2ria m\u00ednim i no perjudicant a l&#8217;ordinador. Les cookies no contenen cap mena<br \/>d&#8217;informaci\u00f3 personal espec\u00edfica, i la majoria d\u2019elles s&#8217;esborren del disc dur en<br \/>finalitzar la sessi\u00f3 de navegador (les anomenades cookies de sessi\u00f3).<br \/>La majoria dels navegadors accepten com a est\u00e0ndard les cookies i, amb<br \/>independ\u00e8ncia d\u2019aquestes, permeten o impedeixen en la configuraci\u00f3 de seguretat les<br \/>cookies temporals o memoritzades.<\/p><p>Quins tipus de cookies utilitza aquesta p\u00e0gina web?<\/p><p>&#8211; Cookies t\u00e8cniques: S\u00f3n aquelles que permeten a l&#8217;usuari la navegaci\u00f3 a trav\u00e9s d&#8217;una<br \/>p\u00e0gina web, plataforma o aplicaci\u00f3 i la utilitzaci\u00f3 de les diferents opcions o serveis<br \/>que en ella hi hagi com, per exemple, controlar el tr\u00e0nsit i la comunicaci\u00f3 de dades,<br \/>identificar la sessi\u00f3, accedir a parts d&#8217;acc\u00e9s restringit, recordar els elements que<br \/>integren una comanda, realitzar el proc\u00e9s de compra d&#8217;una comanda, fer la sol\u00b7licitud<br \/>d&#8217;inscripci\u00f3 o participaci\u00f3 en un esdeveniment, utilitzar elements de seguretat durant<br \/>la navegaci\u00f3, emmagatzemar continguts per a la difusi\u00f3 de v\u00eddeos o so o compartir<br \/>continguts a trav\u00e9s de xarxes socials.<\/p><p>&#8211; Cookies de personalitzaci\u00f3: S\u00f3n aquelles que permeten a l&#8217;usuari accedir al servei<br \/>amb algunes caracter\u00edstiques de car\u00e0cter general predefinides en funci\u00f3 d&#8217;una s\u00e8rie de<br \/>criteris en el terminal de l&#8217;usuari com ara serien l&#8217;idioma, el tipus de navegador<br \/>mitjan\u00e7ant el qual s&#8217;accedeix al servei, la configuraci\u00f3 regional des d&#8217;on s&#8217;accedeix al<br \/>servei, etc.<br \/>&#8211; Cookies d&#8217;an\u00e0lisi: S\u00f3n aquelles que ben tractades per nosaltres o per tercers, ens<br \/>permeten quantificar el nombre d&#8217;usuaris i aix\u00ed realitzar la mesura i an\u00e0lisi estad\u00edstica<br \/>de la utilitzaci\u00f3 que fan els usuaris del servei ofert. Per aix\u00f2 s&#8217;analitza la seva<br \/>navegaci\u00f3 a la nostra p\u00e0gina web per tal de millorar l&#8217;oferta de productes o serveis<br \/>que li oferim.<\/p><p>&#8211; Cookies publicit\u00e0ries: S\u00f3n aquelles que, ben tractades per nosaltres o per tercers, ens<br \/>permeten gestionar de la forma m\u00e9s efica\u00e7 possible l&#8217;oferta dels espais publicitaris que<br \/>hi ha a la p\u00e0gina web, adequant el contingut de l&#8217;anunci al contingut del servei<br \/>sol\u00b7licitat o al \u00fas que realitzi de la nostra p\u00e0gina web. Per a aix\u00f2 podem analitzar els<br \/>seus h\u00e0bits de navegaci\u00f3 a Internet i podem mostrar publicitat relacionada amb el seu<br \/>perfil de navegaci\u00f3.<\/p><p>&#8211; Cookies de publicitat comportamental: S\u00f3n aquelles que permeten la gesti\u00f3, de la<br \/>forma m\u00e9s efica\u00e7 possible, dels espais publicitaris que, si escau, l&#8217;editor hagi incl\u00f2s en<br \/>una p\u00e0gina web, aplicaci\u00f3 o plataforma des de la qual presta el servei sol\u00b7licitat.<br \/>Aquestes cookies emmagatzemen informaci\u00f3 del comportament dels usuaris<br \/>obtinguda a trav\u00e9s de l&#8217;observaci\u00f3 continuada dels seus h\u00e0bits de navegaci\u00f3, el que<br \/>permet desenvolupar un perfil espec\u00edfic per a mostrar publicitat en funci\u00f3 del mateix.<br \/>Cookies de tercers: La web d&#8217;ATZAR FILMS pot utilitzar serveis de tercers que<br \/>recopilaran informaci\u00f3 amb fins estad\u00edstics, d&#8217;\u00fas del lloc web per part de l&#8217;usuari i per<br \/>a la prestaci\u00f3 d&#8217;altres serveis relacionats amb l&#8217;activitat del lloc web i altres serveis<br \/>d&#8217;Internet.<\/p><p>En particular, aquest lloc web utilitza Google Analytics, un servei anal\u00edtic de web<br \/>prestat per Google, Inc. Per a la prestaci\u00f3 d&#8217;aquests serveis, aquests utilitzen cookies que recopilen la informaci\u00f3, inclosa l&#8217;adre\u00e7a IP de l&#8217;usuari, que ser\u00e0 transmesa, tractada i emmagatzemada per Google en els termes fixats a la web Google.com. incloent la possible transmissi\u00f3 d&#8217;aquesta informaci\u00f3 a\u00a0tercers per raons d&#8217;exig\u00e8ncia legal o quan aquests tercers processin la informaci\u00f3 per compte de Google.<\/p><p>L&#8217;Usuari accepta expressament, per la utilitzaci\u00f3 d&#8217;aquest lloc web, el tractament de<br \/>la informaci\u00f3 recollida en la forma i amb les finalitats anteriorment esmentats. I aix\u00ed<br \/>mateix reconeix con\u00e8ixer la possibilitat de rebutjar el tractament d&#8217;aquestes dades o<br \/>informaci\u00f3 rebutjant l&#8217;\u00fas de cookies mitjan\u00e7ant la selecci\u00f3 de la configuraci\u00f3<br \/>apropiada a tal fi en el seu navegador. Si b\u00e9 aquesta opci\u00f3 de bloqueig de cookies en<br \/>el vostre navegador pot no permetre-li l&#8217;\u00fas ple de totes les funcionalitats del lloc web.<br \/>Podeu permetre, bloquejar o eliminar les cookies instal\u00b7lades en el seu equip<br \/>mitjan\u00e7ant la configuraci\u00f3 de les opcions del navegador en el vostre ordinador:<\/p>\t\t\t\t\t\t\t\t<\/div>\n\t\t\t\t<\/div>\n\t\t\t\t\t<\/div>\n\t\t<\/div>\n\t\t\t\t<div class=\"elementor-column elementor-col-50 elementor-top-column elementor-element elementor-element-824099c\" data-id=\"824099c\" data-element_type=\"column\" data-e-type=\"column\">\n\t\t\t<div class=\"elementor-widget-wrap elementor-element-populated\">\n\t\t\t\t\t\t<div class=\"elementor-element elementor-element-e9ed87b elementor-widget elementor-widget-intech-support\" data-id=\"e9ed87b\" data-element_type=\"widget\" data-e-type=\"widget\" data-widget_type=\"intech-support.default\">\n\t\t\t\t<div class=\"elementor-widget-container\">\n\t\t\t\t\t\t\t<div class=\"support-boxs\">\r\n\t\t\t<div class=\"support-box\">\r\n\t\t\t\t\t\t\t\t<h2>Necesitas que te ayudemos?<\/h2>\t\t\t\t<div class=\"support-dec\">\r\n\t\t\t\t<p>Env\u00edanos un correo electr\u00f3nico a <a href=\"mailto:info@maclaboral.com\">info@maclaboral.com<\/a> con tu consulta o bien rellena nuestro formulario de contacto. Respondemos en un plazo de 24-48 horas<\/p>\n\t\t\t\t<\/div>\r\n\t\t\t\t\t\t\t\t<div class=\"support-btn\">\r\n\t\t\t\t\t<div class=\"theme-buttons\">\r\n\t\t\t\t\t\t<a href=\"https:\/\/maclaboral.com\/es\/contacte\/\" target=\"_blank\" class=\"theme-button\">\r\n\t\t\t\t\t\t\tContactar<i class=\"flaticon-right-arrow\"><\/i>\r\n\t\t\t\t\t\t<\/a>\r\n\t\t\t\t\t<\/div>\r\n\t\t\t\t<\/div>\r\n\t\t\t\t\t\t\t<\/div>\r\n\t\t<\/div>\r\n\t\t\t\t\t\t<\/div>\n\t\t\t\t<\/div>\n\t\t\t\t<div class=\"elementor-element elementor-element-822affd elementor-widget elementor-widget-text-editor\" data-id=\"822affd\" data-element_type=\"widget\" data-e-type=\"widget\" data-widget_type=\"text-editor.default\">\n\t\t\t\t<div class=\"elementor-widget-container\">\n\t\t\t\t\t\t\t\t\t<p>\n<div class=\"wpcf7 no-js\" id=\"wpcf7-f4145-o1\" lang=\"en-US\" dir=\"ltr\" data-wpcf7-id=\"4145\">\n<div class=\"screen-reader-response\"><p role=\"status\" aria-live=\"polite\" aria-atomic=\"true\"><\/p> <ul><\/ul><\/div>\n<form action=\"\/es\/wp-json\/wp\/v2\/pages\/4602#wpcf7-f4145-o1\" method=\"post\" class=\"wpcf7-form init\" aria-label=\"Contact form\" novalidate=\"novalidate\" data-status=\"init\" data-trp-original-action=\"\/es\/wp-json\/wp\/v2\/pages\/4602#wpcf7-f4145-o1\">\n<fieldset class=\"hidden-fields-container\"><input type=\"hidden\" name=\"_wpcf7\" value=\"4145\" \/><input type=\"hidden\" name=\"_wpcf7_version\" value=\"6.1.5\" \/><input type=\"hidden\" name=\"_wpcf7_locale\" value=\"en_US\" \/><input type=\"hidden\" name=\"_wpcf7_unit_tag\" value=\"wpcf7-f4145-o1\" \/><input type=\"hidden\" name=\"_wpcf7_container_post\" value=\"0\" \/><input type=\"hidden\" name=\"_wpcf7_posted_data_hash\" value=\"\" \/><input type=\"hidden\" name=\"_wpcf7_recaptcha_response\" value=\"\" \/>\n<\/fieldset>\n<p><label> Nombre<br \/>\n<span class=\"wpcf7-form-control-wrap\" data-name=\"Nom\"><input size=\"40\" maxlength=\"400\" class=\"wpcf7-form-control wpcf7-text wpcf7-validates-as-required\" aria-required=\"true\" aria-invalid=\"false\" value=\"\" type=\"text\" name=\"Nom\" \/><\/span> <\/label>\n<\/p>\n<p><label> Empresa<br \/>\n<span class=\"wpcf7-form-control-wrap\" data-name=\"Empresa\"><input size=\"40\" maxlength=\"400\" class=\"wpcf7-form-control wpcf7-text wpcf7-validates-as-required\" aria-required=\"true\" aria-invalid=\"false\" value=\"\" type=\"text\" name=\"Empresa\" \/><\/span> <\/label>\n<\/p>\n<p><label> Email<br \/>\n<span class=\"wpcf7-form-control-wrap\" data-name=\"Email\"><input size=\"40\" maxlength=\"400\" class=\"wpcf7-form-control wpcf7-email wpcf7-validates-as-required wpcf7-text wpcf7-validates-as-email\" aria-required=\"true\" aria-invalid=\"false\" value=\"\" type=\"email\" name=\"Email\" \/><\/span> <\/label>\n<\/p>\n<p><label> Tel\u00e9fono<br \/>\n<span class=\"wpcf7-form-control-wrap\" data-name=\"Telefon\"><input size=\"40\" maxlength=\"400\" class=\"wpcf7-form-control wpcf7-text wpcf7-validates-as-required\" aria-required=\"true\" aria-invalid=\"false\" value=\"\" type=\"text\" name=\"Telefon\" \/><\/span> <\/label>\n<\/p>\n<p><label> Mensaje<br \/>\n<span class=\"wpcf7-form-control-wrap\" data-name=\"Missatge\"><textarea cols=\"40\" rows=\"10\" maxlength=\"2000\" class=\"wpcf7-form-control wpcf7-textarea\" aria-invalid=\"false\" name=\"Missatge\"><\/textarea><\/span> <\/label>\n<\/p>\n<p><input class=\"wpcf7-form-control wpcf7-submit has-spinner\" type=\"submit\" value=\"\u00bfTe ayudo con las dudas?\" \/>\n<\/p><div class=\"wpcf7-response-output\" aria-hidden=\"true\"><\/div>\n<input type=\"hidden\" name=\"trp-form-language\" value=\"es\"\/><\/form>\n<\/div>\n<\/p>\t\t\t\t\t\t\t\t<\/div>\n\t\t\t\t<\/div>\n\t\t\t\t\t<\/div>\n\t\t<\/div>\n\t\t\t\t\t<\/div>\n\t\t<\/section>\n\t\t\t\t<\/div>","protected":false},"excerpt":{"rendered":"<p>POL\u00cdTICA DE COOKIES Utilitzem cookies pr\u00f2pies i de tercers per millorar els nostres serveis i mostrarpublicitat relacionada amb les seves prefer\u00e8ncies mitjan\u00e7ant l&#8217;an\u00e0lisi dels seus h\u00e0bitsde navegaci\u00f3. Si continua navegant, considerem que accepta el seu \u00fas. POL\u00cdTICA DE COOKIES Cookie \u00e9s un fitxer que es descarrega al seu ordinador en accedir a determinadesp\u00e0gines web. Les [&hellip;]<\/p>\n","protected":false},"author":1,"featured_media":0,"parent":0,"menu_order":0,"comment_status":"closed","ping_status":"closed","template":"elementor_header_footer","meta":{"_themeisle_gutenberg_block_has_review":false,"footnotes":""},"class_list":["post-4602","page","type-page","status-publish","hentry"],"aioseo_notices":[],"_links":{"self":[{"href":"https:\/\/maclaboral.com\/es\/wp-json\/wp\/v2\/pages\/4602","targetHints":{"allow":["GET"]}}],"collection":[{"href":"https:\/\/maclaboral.com\/es\/wp-json\/wp\/v2\/pages"}],"about":[{"href":"https:\/\/maclaboral.com\/es\/wp-json\/wp\/v2\/types\/page"}],"author":[{"embeddable":true,"href":"https:\/\/maclaboral.com\/es\/wp-json\/wp\/v2\/users\/1"}],"replies":[{"embeddable":true,"href":"https:\/\/maclaboral.com\/es\/wp-json\/wp\/v2\/comments?post=4602"}],"version-history":[{"count":17,"href":"https:\/\/maclaboral.com\/es\/wp-json\/wp\/v2\/pages\/4602\/revisions"}],"predecessor-version":[{"id":4623,"href":"https:\/\/maclaboral.com\/es\/wp-json\/wp\/v2\/pages\/4602\/revisions\/4623"}],"wp:attachment":[{"href":"https:\/\/maclaboral.com\/es\/wp-json\/wp\/v2\/media?parent=4602"}],"curies":[{"name":"wp","href":"https:\/\/api.w.org\/{rel}","templated":true}]}}