{"id":634,"date":"2020-10-18T19:10:32","date_gmt":"2020-10-18T19:10:32","guid":{"rendered":"http:\/\/wptf.themepul.com\/intech\/?page_id=634"},"modified":"2022-08-29T12:09:36","modified_gmt":"2022-08-29T11:09:36","slug":"contacte","status":"publish","type":"page","link":"https:\/\/maclaboral.com\/es\/contacte\/","title":{"rendered":"Contacto"},"content":{"rendered":"\t\t<div data-elementor-type=\"wp-page\" data-elementor-id=\"634\" class=\"elementor elementor-634\">\n\t\t\t\t\t\t<section class=\"elementor-section elementor-top-section elementor-element elementor-element-3b54294f elementor-section-height-min-height elementor-section-content-middle elementor-section-stretched elementor-section-boxed elementor-section-height-default elementor-section-items-middle\" data-id=\"3b54294f\" data-element_type=\"section\" data-e-type=\"section\" data-settings=\"{&quot;background_background&quot;:&quot;classic&quot;,&quot;stretch_section&quot;:&quot;section-stretched&quot;}\">\n\t\t\t\t\t\t\t<div class=\"elementor-background-overlay\"><\/div>\n\t\t\t\t\t\t\t<div class=\"elementor-container elementor-column-gap-default\">\n\t\t\t\t\t<div class=\"elementor-column elementor-col-100 elementor-top-column elementor-element elementor-element-76cfdc7b\" data-id=\"76cfdc7b\" data-element_type=\"column\" data-e-type=\"column\">\n\t\t\t<div class=\"elementor-widget-wrap elementor-element-populated\">\n\t\t\t\t\t\t<div class=\"elementor-element elementor-element-19fa39ba elementor-widget elementor-widget-heading\" data-id=\"19fa39ba\" data-element_type=\"widget\" data-e-type=\"widget\" data-widget_type=\"heading.default\">\n\t\t\t\t<div class=\"elementor-widget-container\">\n\t\t\t\t\t<h2 class=\"elementor-heading-title elementor-size-default\">Contacte<\/h2>\t\t\t\t<\/div>\n\t\t\t\t<\/div>\n\t\t\t\t\t<\/div>\n\t\t<\/div>\n\t\t\t\t\t<\/div>\n\t\t<\/section>\n\t\t\t\t<section class=\"elementor-section elementor-top-section elementor-element elementor-element-242ca7f elementor-section-boxed elementor-section-height-default elementor-section-height-default\" data-id=\"242ca7f\" data-element_type=\"section\" data-e-type=\"section\">\n\t\t\t\t\t\t<div class=\"elementor-container elementor-column-gap-default\">\n\t\t\t\t\t<div class=\"elementor-column elementor-col-33 elementor-top-column elementor-element elementor-element-13fdfbb\" data-id=\"13fdfbb\" data-element_type=\"column\" data-e-type=\"column\">\n\t\t\t<div class=\"elementor-widget-wrap\">\n\t\t\t\t\t\t\t<\/div>\n\t\t<\/div>\n\t\t\t\t<div class=\"elementor-column elementor-col-66 elementor-top-column elementor-element elementor-element-7e28b06\" data-id=\"7e28b06\" data-element_type=\"column\" data-e-type=\"column\">\n\t\t\t<div class=\"elementor-widget-wrap elementor-element-populated\">\n\t\t\t\t\t\t<div class=\"elementor-element elementor-element-ad450ed elementor-widget elementor-widget-text-editor\" data-id=\"ad450ed\" data-element_type=\"widget\" data-e-type=\"widget\" data-widget_type=\"text-editor.default\">\n\t\t\t\t<div class=\"elementor-widget-container\">\n\t\t\t\t\t\t\t\t\t<h4>\u00a0<\/h4><h4>\u00a0<\/h4><h4 style=\"text-align: center;\">EST\u00c0S PREPARAT PER MILLORAR LA TEVA GESTI\u00d3 LABORAL? PARLEM?\u00a0<\/h4><p style=\"text-align: center;\">Envia&#8217;ns un missatge i ens posem en contacte.\u00a0<\/p>\t\t\t\t\t\t\t\t<\/div>\n\t\t\t\t<\/div>\n\t\t\t\t\t<\/div>\n\t\t<\/div>\n\t\t\t\t\t<\/div>\n\t\t<\/section>\n\t\t\t\t<section class=\"elementor-section elementor-top-section elementor-element elementor-element-add97b1 elementor-section-boxed elementor-section-height-default elementor-section-height-default\" data-id=\"add97b1\" data-element_type=\"section\" data-e-type=\"section\">\n\t\t\t\t\t\t<div class=\"elementor-container elementor-column-gap-extended\">\n\t\t\t\t\t<div class=\"elementor-column elementor-col-50 elementor-top-column elementor-element elementor-element-0111bf0\" data-id=\"0111bf0\" data-element_type=\"column\" data-e-type=\"column\">\n\t\t\t<div class=\"elementor-widget-wrap elementor-element-populated\">\n\t\t\t\t\t\t<div class=\"elementor-element elementor-element-a68123d elementor-widget elementor-widget-heading\" data-id=\"a68123d\" data-element_type=\"widget\" data-e-type=\"widget\" data-widget_type=\"heading.default\">\n\t\t\t\t<div class=\"elementor-widget-container\">\n\t\t\t\t\t<h2 class=\"elementor-heading-title elementor-size-default\">Contacte\n<\/h2>\t\t\t\t<\/div>\n\t\t\t\t<\/div>\n\t\t\t\t<div class=\"elementor-element elementor-element-0b08878 elementor-widget elementor-widget-shortcode\" data-id=\"0b08878\" data-element_type=\"widget\" data-e-type=\"widget\" data-widget_type=\"shortcode.default\">\n\t\t\t\t<div class=\"elementor-widget-container\">\n\t\t\t\t\t\t\t<div class=\"elementor-shortcode\">\n<div class=\"wpcf7 no-js\" id=\"wpcf7-f2559-o1\" lang=\"en-US\" dir=\"ltr\" data-wpcf7-id=\"2559\">\n<div class=\"screen-reader-response\"><p role=\"status\" aria-live=\"polite\" aria-atomic=\"true\"><\/p> <ul><\/ul><\/div>\n<form action=\"\/es\/wp-json\/wp\/v2\/pages\/634#wpcf7-f2559-o1\" method=\"post\" class=\"wpcf7-form init\" aria-label=\"Contact form\" novalidate=\"novalidate\" data-status=\"init\">\n<fieldset class=\"hidden-fields-container\"><input type=\"hidden\" name=\"_wpcf7\" value=\"2559\" \/><input type=\"hidden\" name=\"_wpcf7_version\" value=\"6.1.5\" \/><input type=\"hidden\" name=\"_wpcf7_locale\" value=\"en_US\" \/><input type=\"hidden\" name=\"_wpcf7_unit_tag\" value=\"wpcf7-f2559-o1\" \/><input type=\"hidden\" name=\"_wpcf7_container_post\" value=\"0\" \/><input type=\"hidden\" name=\"_wpcf7_posted_data_hash\" value=\"\" \/><input type=\"hidden\" name=\"_wpcf7_recaptcha_response\" value=\"\" \/>\n<\/fieldset>\n<div class=\"intech-contact-form-1\">\n\t<div class=\"row\">\n\t\t<div class=\"col-lg-6 col-md-6\">\n\t\t\t<p><span class=\"wpcf7-form-control-wrap\" data-name=\"sendername\"><input size=\"40\" maxlength=\"400\" class=\"wpcf7-form-control wpcf7-text wpcf7-validates-as-required\" aria-required=\"true\" aria-invalid=\"false\" placeholder=\"Nom*\" value=\"\" type=\"text\" name=\"sendername\" \/><\/span>\n\t\t\t<\/p>\n\t\t<\/div>\n\t\t<div class=\"col-lg-6\">\n\t\t\t<p><span class=\"wpcf7-form-control-wrap\" data-name=\"text-933\"><input size=\"40\" maxlength=\"400\" class=\"wpcf7-form-control wpcf7-text\" aria-invalid=\"false\" placeholder=\"Empresa\" value=\"\" type=\"text\" name=\"text-933\" \/><\/span>\n\t\t\t<\/p>\n\t\t<\/div>\n\t\t<div class=\"col-lg-6\">\n\t\t\t<p><span class=\"wpcf7-form-control-wrap\" data-name=\"email-604\"><input size=\"40\" maxlength=\"400\" class=\"wpcf7-form-control wpcf7-email wpcf7-validates-as-required wpcf7-text wpcf7-validates-as-email\" aria-required=\"true\" aria-invalid=\"false\" placeholder=\"Email\" value=\"\" type=\"email\" name=\"email-604\" \/><\/span>\n\t\t\t<\/p>\n\t\t<\/div>\n\t\t<div class=\"col-lg-6 col-md-6\">\n\t\t\t<p><span class=\"wpcf7-form-control-wrap\" data-name=\"sendermobile\"><input size=\"40\" maxlength=\"400\" class=\"wpcf7-form-control wpcf7-text\" aria-invalid=\"false\" placeholder=\"Tel\u00e8fon\" value=\"\" type=\"text\" name=\"sendermobile\" \/><\/span>\n\t\t\t<\/p>\n\t\t<\/div>\n\t\t<div class=\"col-lg-12\">\n\t\t\t<p><span class=\"wpcf7-form-control-wrap\" data-name=\"sendermessage\"><textarea cols=\"10\" rows=\"5\" maxlength=\"2000\" class=\"wpcf7-form-control wpcf7-textarea wpcf7-validates-as-required\" aria-required=\"true\" aria-invalid=\"false\" placeholder=\"Missatge*\" name=\"sendermessage\"><\/textarea><\/span>\n\t\t\t<\/p>\n\t\t<\/div>\n\t\t<div class=\"col-lg-6 col-md-6\">\n\t\t\t<p><input class=\"wpcf7-form-control wpcf7-submit has-spinner\" type=\"submit\" value=\"Enviar\" \/>\n\t\t\t<\/p>\n\t\t<\/div>\n\t<\/div>\n<\/div><div class=\"wpcf7-response-output\" aria-hidden=\"true\"><\/div>\n<\/form>\n<\/div>\n<\/div>\n\t\t\t\t\t\t<\/div>\n\t\t\t\t<\/div>\n\t\t\t\t\t<\/div>\n\t\t<\/div>\n\t\t\t\t<div class=\"elementor-column elementor-col-50 elementor-top-column elementor-element elementor-element-c8ea1cc\" data-id=\"c8ea1cc\" data-element_type=\"column\" data-e-type=\"column\">\n\t\t\t<div class=\"elementor-widget-wrap elementor-element-populated\">\n\t\t\t\t\t\t<div class=\"elementor-element elementor-element-9e24898 elementor-widget elementor-widget-intech-support\" data-id=\"9e24898\" data-element_type=\"widget\" data-e-type=\"widget\" data-widget_type=\"intech-support.default\">\n\t\t\t\t<div class=\"elementor-widget-container\">\n\t\t\t\t\t\t\t<div class=\"support-boxs\">\r\n\t\t\t<div class=\"support-box\">\r\n\t\t\t\t\t\t\t\t<h2>Necessites que t&#039;ajudem?<\/h2>\t\t\t\t<div class=\"support-dec\">\r\n\t\t\t\t<p>Envia'ns un correu electr\u00f2nic a info@maclaboral.com amb la teva consulta o b\u00e9 omple el nostre formulari de contacte. Responem com a m\u00e0xim en 24-48 hores<\/p>\n\t\t\t\t<\/div>\r\n\t\t\t\t\t\t\t<\/div>\r\n\t\t<\/div>\r\n\t\t\t\t\t\t<\/div>\n\t\t\t\t<\/div>\n\t\t\t\t\t<\/div>\n\t\t<\/div>\n\t\t\t\t\t<\/div>\n\t\t<\/section>\n\t\t\t\t<section class=\"elementor-section elementor-top-section elementor-element elementor-element-8eed004 elementor-section-boxed elementor-section-height-default elementor-section-height-default\" data-id=\"8eed004\" data-element_type=\"section\" data-e-type=\"section\" data-settings=\"{&quot;background_background&quot;:&quot;classic&quot;}\">\n\t\t\t\t\t\t<div class=\"elementor-container elementor-column-gap-default\">\n\t\t\t\t\t<div class=\"elementor-column elementor-col-100 elementor-top-column elementor-element elementor-element-2f1b7c9\" data-id=\"2f1b7c9\" data-element_type=\"column\" data-e-type=\"column\">\n\t\t\t<div class=\"elementor-widget-wrap elementor-element-populated\">\n\t\t\t\t\t\t<div class=\"elementor-element elementor-element-46445bc elementor-widget elementor-widget-intech-client\" data-id=\"46445bc\" data-element_type=\"widget\" data-e-type=\"widget\" data-widget_type=\"intech-client.default\">\n\t\t\t\t<div class=\"elementor-widget-container\">\n\t\t\t\t\t\r\n\t\t\t<script>\r\n\t\t\tjQuery(document).ready(function($) {\r\n\t\t\t\t\"use strict\";\r\n\t\t\t\t$(\"#clients-2571\").slick({\r\n\t\t\t\t\tslidesToShow: 5,\r\n\t\t\t\t\tslidesToScroll: 1,\r\n\t\t\t\t\tdots: false,\r\n\t\t\t\t\tinfinite: true,\r\n\t\t\t\t\tautoplay: false,\r\n\t\t\t\t\tarrows: false,\r\n\t\t\t\t\tresponsive: [\r\n\t\t\t\t\t\t{\r\n\t\t\t\t\t\tbreakpoint: 1024,\r\n\t\t\t\t\t\t\tsettings: {\r\n\t\t\t\t\t\t\t\tslidesToShow: 3,\r\n\t\t\t\t\t\t\t\tslidesToScroll: 3,\r\n\t\t\t\t\t\t\t\tinfinite: true,\r\n\t\t\t\t\t\t\t\tdots: true\r\n\t\t\t\t\t\t\t}\r\n\t\t\t\t\t\t},\r\n\t\t\t\t\t\t{\r\n\t\t\t\t\t\t\tbreakpoint: 600,\r\n\t\t\t\t\t\t\tsettings: {\r\n\t\t\t\t\t\t\t\tslidesToShow: 2,\r\n\t\t\t\t\t\t\t\tslidesToScroll: 2\r\n\t\t\t\t\t\t\t}\r\n\t\t\t\t\t\t},\r\n\t\t\t\t\t\t{\r\n\t\t\t\t\t\t\tbreakpoint: 480,\r\n\t\t\t\t\t\t\tsettings: {\r\n\t\t\t\t\t\t\t\tslidesToShow: 1,\r\n\t\t\t\t\t\t\t\tslidesToScroll: 1\r\n\t\t\t\t\t\t\t}\r\n\t\t\t\t\t\t}\r\n\t\t\t\t\t]\r\n\t\t\t\t});\r\n\t\t\t});\r\n\t\t\t<\/script>\t\t\t\t<div class=\"client-section\">\r\n\t\t\t<div class=\"client-items\" id=\"clients-2571\">\r\n\t\t\t\t\t\t<div class=\"item\">\r\n\t\t\t\t\t\t\t\t<a href=\"https:\/\/aules.net\/es\/formacion\/\">\r\n\t\t\t\t\t<img decoding=\"async\" width=\"302\" height=\"93\" src=\"https:\/\/maclaboral.com\/wp-content\/uploads\/2021\/12\/logo_aules_header_ok1.jpg\" class=\"attachment-large size-large\" alt=\"\" srcset=\"https:\/\/maclaboral.com\/wp-content\/uploads\/2021\/12\/logo_aules_header_ok1.jpg 302w, https:\/\/maclaboral.com\/wp-content\/uploads\/2021\/12\/logo_aules_header_ok1-300x92.jpg 300w, https:\/\/maclaboral.com\/wp-content\/uploads\/2021\/12\/logo_aules_header_ok1-18x6.jpg 18w\" sizes=\"(max-width: 302px) 100vw, 302px\" \/>\t\t\t\t<\/a>\r\n\t\t\t\t\t\t\t<\/div>\r\n\t\t\t\t\t\t<div class=\"item\">\r\n\t\t\t\t\t\t\t\t<a href=\"https:\/\/www.salabeckett.cat\/es\/\">\r\n\t\t\t\t\t<img decoding=\"async\" width=\"150\" height=\"48\" src=\"https:\/\/maclaboral.com\/wp-content\/uploads\/2021\/12\/logo.png\" class=\"attachment-large size-large\" alt=\"\" srcset=\"https:\/\/maclaboral.com\/wp-content\/uploads\/2021\/12\/logo.png 150w, https:\/\/maclaboral.com\/wp-content\/uploads\/2021\/12\/logo-18x6.png 18w\" sizes=\"(max-width: 150px) 100vw, 150px\" \/>\t\t\t\t<\/a>\r\n\t\t\t\t\t\t\t<\/div>\r\n\t\t\t\t\t\t<div class=\"item\">\r\n\t\t\t\t\t\t\t\t<a href=\"http:\/\/www.laperla29.cat\/\">\r\n\t\t\t\t\t<img decoding=\"async\" width=\"200\" height=\"57\" src=\"https:\/\/maclaboral.com\/wp-content\/uploads\/2021\/12\/logo-negre2018-petit.png\" class=\"attachment-large size-large\" alt=\"\" srcset=\"https:\/\/maclaboral.com\/wp-content\/uploads\/2021\/12\/logo-negre2018-petit.png 200w, https:\/\/maclaboral.com\/wp-content\/uploads\/2021\/12\/logo-negre2018-petit-18x5.png 18w\" sizes=\"(max-width: 200px) 100vw, 200px\" \/>\t\t\t\t<\/a>\r\n\t\t\t\t\t\t\t<\/div>\r\n\t\t\t\t\t\t<div class=\"item\">\r\n\t\t\t\t\t\t\t\t<a href=\"https:\/\/www.teatreneu.com\/web\/\">\r\n\t\t\t\t\t<img loading=\"lazy\" decoding=\"async\" width=\"100\" height=\"71\" src=\"https:\/\/maclaboral.com\/wp-content\/uploads\/2021\/12\/teatreneu.png\" class=\"attachment-large size-large\" alt=\"\" srcset=\"https:\/\/maclaboral.com\/wp-content\/uploads\/2021\/12\/teatreneu.png 100w, https:\/\/maclaboral.com\/wp-content\/uploads\/2021\/12\/teatreneu-18x12.png 18w\" sizes=\"(max-width: 100px) 100vw, 100px\" \/>\t\t\t\t<\/a>\r\n\t\t\t\t\t\t\t<\/div>\r\n\t\t\t\t\t\t<\/div>\r\n\t\t<\/div>\r\n\t\t\t\t\t\t\t\t<\/div>\n\t\t\t\t<\/div>\n\t\t\t\t\t<\/div>\n\t\t<\/div>\n\t\t\t\t\t<\/div>\n\t\t<\/section>\n\t\t\t\t<section class=\"elementor-section elementor-top-section elementor-element elementor-element-14580fb elementor-section-boxed elementor-section-height-default elementor-section-height-default\" data-id=\"14580fb\" data-element_type=\"section\" data-e-type=\"section\">\n\t\t\t\t\t\t<div class=\"elementor-container elementor-column-gap-default\">\n\t\t\t\t\t<div class=\"elementor-column elementor-col-100 elementor-top-column elementor-element elementor-element-f8d6561\" data-id=\"f8d6561\" data-element_type=\"column\" data-e-type=\"column\">\n\t\t\t<div class=\"elementor-widget-wrap elementor-element-populated\">\n\t\t\t\t\t\t<section class=\"elementor-section elementor-inner-section elementor-element elementor-element-ec5f300 elementor-section-boxed elementor-section-height-default elementor-section-height-default\" data-id=\"ec5f300\" data-element_type=\"section\" data-e-type=\"section\" data-settings=\"{&quot;background_background&quot;:&quot;classic&quot;}\">\n\t\t\t\t\t\t\t<div class=\"elementor-background-overlay\"><\/div>\n\t\t\t\t\t\t\t<div class=\"elementor-container elementor-column-gap-no\">\n\t\t\t\t\t<div class=\"elementor-column elementor-col-33 elementor-inner-column elementor-element elementor-element-90f2190\" data-id=\"90f2190\" data-element_type=\"column\" data-e-type=\"column\" data-settings=\"{&quot;background_background&quot;:&quot;classic&quot;}\">\n\t\t\t<div class=\"elementor-widget-wrap elementor-element-populated\">\n\t\t\t\t\t\t<div class=\"elementor-element elementor-element-7496201 elementor-widget elementor-widget-intech-contactbox\" data-id=\"7496201\" data-element_type=\"widget\" data-e-type=\"widget\" data-widget_type=\"intech-contactbox.default\">\n\t\t\t\t<div class=\"elementor-widget-container\">\n\t\t\t\t\t\t\t<div class=\"static-contact-box\">\r\n\t\t\t<div class=\"cbox-icon\">\r\n\t\t\t\t<i class=\"flaticon-gmail-3\"><\/i>\t\t\t<\/div>\r\n\t\t\t<div class=\"cbox-title\">\r\n\t\t\t\t<h2>Contacte<\/h2>\r\n\t\t\t<\/div>\r\n\t\t\t<div class=\"cbox-dec\">\r\n\t\t\t\t<ul>\n<li><span style=\"color: #ffffff\"><a style=\"color: #ffffff\" href=\"mailto:info@maclaboral.com\">info@maclaboral.com<\/a><\/span><\/li>\n<\/ul>\n\t\t\t<\/div>\r\n\t\t<\/div>\r\n\t\t\t\t\t\t<\/div>\n\t\t\t\t<\/div>\n\t\t\t\t\t<\/div>\n\t\t<\/div>\n\t\t\t\t<div class=\"elementor-column elementor-col-33 elementor-inner-column elementor-element elementor-element-8eb2c0d\" data-id=\"8eb2c0d\" data-element_type=\"column\" data-e-type=\"column\" data-settings=\"{&quot;background_background&quot;:&quot;classic&quot;}\">\n\t\t\t<div class=\"elementor-widget-wrap elementor-element-populated\">\n\t\t\t\t\t\t<div class=\"elementor-element elementor-element-ce98846 elementor-widget elementor-widget-intech-contactbox\" data-id=\"ce98846\" data-element_type=\"widget\" data-e-type=\"widget\" data-widget_type=\"intech-contactbox.default\">\n\t\t\t\t<div class=\"elementor-widget-container\">\n\t\t\t\t\t\t\t<div class=\"static-contact-box\">\r\n\t\t\t<div class=\"cbox-icon\">\r\n\t\t\t\t<i class=\"flaticon-headphones\"><\/i>\t\t\t<\/div>\r\n\t\t\t<div class=\"cbox-title\">\r\n\t\t\t\t<h2>Tel\u00e8fon<\/h2>\r\n\t\t\t<\/div>\r\n\t\t\t<div class=\"cbox-dec\">\r\n\t\t\t\t<ul>\n<li><a href=\"tel:624137845\">624 127 845<\/a><\/li>\n<\/ul>\n\t\t\t<\/div>\r\n\t\t<\/div>\r\n\t\t\t\t\t\t<\/div>\n\t\t\t\t<\/div>\n\t\t\t\t\t<\/div>\n\t\t<\/div>\n\t\t\t\t<div class=\"elementor-column elementor-col-33 elementor-inner-column elementor-element elementor-element-3c0200f\" data-id=\"3c0200f\" data-element_type=\"column\" data-e-type=\"column\" data-settings=\"{&quot;background_background&quot;:&quot;classic&quot;}\">\n\t\t\t<div class=\"elementor-widget-wrap elementor-element-populated\">\n\t\t\t\t\t\t<div class=\"elementor-element elementor-element-81ceb4e elementor-widget elementor-widget-intech-contactbox\" data-id=\"81ceb4e\" data-element_type=\"widget\" data-e-type=\"widget\" data-widget_type=\"intech-contactbox.default\">\n\t\t\t\t<div class=\"elementor-widget-container\">\n\t\t\t\t\t\t\t<div class=\"static-contact-box\">\r\n\t\t\t<div class=\"cbox-icon\">\r\n\t\t\t\t<i class=\"flaticon-map\"><\/i>\t\t\t<\/div>\r\n\t\t\t<div class=\"cbox-title\">\r\n\t\t\t\t<h2>On estem<\/h2>\r\n\t\t\t<\/div>\r\n\t\t\t<div class=\"cbox-dec\">\r\n\t\t\t\t<p>D\u00f3nde estamos<\/p>\n\t\t\t<\/div>\r\n\t\t<\/div>\r\n\t\t\t\t\t\t<\/div>\n\t\t\t\t<\/div>\n\t\t\t\t\t<\/div>\n\t\t<\/div>\n\t\t\t\t\t<\/div>\n\t\t<\/section>\n\t\t\t\t\t<\/div>\n\t\t<\/div>\n\t\t\t\t\t<\/div>\n\t\t<\/section>\n\t\t\t\t<\/div>\n\t\t","protected":false},"excerpt":{"rendered":"<p>Contacte \u00a0 \u00a0 EST\u00c0S PREPARAT PER MILLORAR LA TEVA GESTI\u00d3 LABORAL? PARLEM?\u00a0 Envia&#8217;ns un missatge i ens posem en contacte.\u00a0 Contacte Necessites que t&#039;ajudem? Envia&#8217;ns un correu electr\u00f2nic a info@maclaboral.com amb la teva consulta o b\u00e9 omple el nostre formulari de contacte. Responem com a m\u00e0xim en 24-48 hores Contacte info@maclaboral.com Tel\u00e8fon 624 127 845 [&hellip;]<\/p>\n","protected":false},"author":1,"featured_media":0,"parent":0,"menu_order":0,"comment_status":"closed","ping_status":"closed","template":"blank-page.php","meta":{"_themeisle_gutenberg_block_has_review":false,"footnotes":""},"class_list":["post-634","page","type-page","status-publish","hentry"],"aioseo_notices":[],"_links":{"self":[{"href":"https:\/\/maclaboral.com\/es\/wp-json\/wp\/v2\/pages\/634","targetHints":{"allow":["GET"]}}],"collection":[{"href":"https:\/\/maclaboral.com\/es\/wp-json\/wp\/v2\/pages"}],"about":[{"href":"https:\/\/maclaboral.com\/es\/wp-json\/wp\/v2\/types\/page"}],"author":[{"embeddable":true,"href":"https:\/\/maclaboral.com\/es\/wp-json\/wp\/v2\/users\/1"}],"replies":[{"embeddable":true,"href":"https:\/\/maclaboral.com\/es\/wp-json\/wp\/v2\/comments?post=634"}],"version-history":[{"count":88,"href":"https:\/\/maclaboral.com\/es\/wp-json\/wp\/v2\/pages\/634\/revisions"}],"predecessor-version":[{"id":5002,"href":"https:\/\/maclaboral.com\/es\/wp-json\/wp\/v2\/pages\/634\/revisions\/5002"}],"wp:attachment":[{"href":"https:\/\/maclaboral.com\/es\/wp-json\/wp\/v2\/media?parent=634"}],"curies":[{"name":"wp","href":"https:\/\/api.w.org\/{rel}","templated":true}]}}